{"id":51,"date":"2013-06-11T22:20:42","date_gmt":"2013-06-11T20:20:42","guid":{"rendered":"http:\/\/strucnoobraz.web.ba\/?page_id=51"},"modified":"2020-02-10T18:30:47","modified_gmt":"2020-02-10T17:30:47","slug":"zaposljavanje","status":"publish","type":"page","link":"https:\/\/strucnoobraz.edu.ba\/?page_id=51","title":{"rendered":"Zapo\u0161ljavanje"},"content":{"rendered":"<p>Specijalni izvje\u0161taj o pravima osoba sa invaliditetom mo\u017eete preuzeti na :<\/p>\n<p><a href=\"http:\/\/www.ombudsmen.gov.ba\/materijali\/publikacije\/Invaliditet_BOS.pdf\">http:\/\/www.ombudsmen.gov.ba\/materijali\/publikacije\/Invaliditet_BOS.pdf<\/a><\/p>\n<p>U ovom izvje\u0161taju mo\u017eete prona\u0107i: konvencije, pravila, Evropsku socijalnu povelju, Zakonodavstvo BiH, Zakon o radu i zapo\u0161ljavanju i sl.<\/p>\n<p>Neke od agencija koje se bave zapo\u0161ljavanjem i posredovanjem u zapo\u0161ljavanju mo\u017eete prona\u0107i na slijede\u0107im linkovima:<\/p>\n<p><a href=\"http:\/\/www.fzzz.ba\">www.fzzz.ba<\/a>&nbsp;&#8211; Federalni zavod za zapo\u0161ljavanje<\/p>\n<p><a href=\"http:\/\/www.juszzks.com.ba\">www.juszzks.com.ba<\/a> &#8211; Slu\u017eba za zapo\u0161ljavanje KS<\/p>\n<p><a href=\"http:\/\/www.yep.mojakarijera.com\">www.yep.mojakarijera.com<\/a> &#8211; YEP i agencija Spektar<\/p>\n<p>www.posao.ba<\/p>\n<p><a href=\"http:\/\/www.bih.boljiposao.com\">www.bih.boljiposao.com<\/a><\/p>\n","protected":false},"excerpt":{"rendered":"<p>Specijalni izvje\u0161taj o pravima osoba sa invaliditetom mo\u017eete preuzeti na : http:\/\/www.ombudsmen.gov.ba\/materijali\/publikacije\/Invaliditet_BOS.pdf U ovom izvje\u0161taju mo\u017eete prona\u0107i: konvencije, pravila, Evropsku socijalnu povelju, Zakonodavstvo BiH, Zakon o radu i zapo\u0161ljavanju i sl. Neke od agencija koje se bave zapo\u0161ljavanjem i posredovanjem &hellip; <a href=\"https:\/\/strucnoobraz.edu.ba\/?page_id=51\">Continue reading <span class=\"meta-nav\">&rarr;<\/span><\/a><\/p>\n","protected":false},"author":1,"featured_media":0,"parent":46,"menu_order":0,"comment_status":"closed","ping_status":"closed","template":"","meta":{"footnotes":""},"class_list":["post-51","page","type-page","status-publish","hentry"],"_links":{"self":[{"href":"https:\/\/strucnoobraz.edu.ba\/index.php?rest_route=\/wp\/v2\/pages\/51","targetHints":{"allow":["GET"]}}],"collection":[{"href":"https:\/\/strucnoobraz.edu.ba\/index.php?rest_route=\/wp\/v2\/pages"}],"about":[{"href":"https:\/\/strucnoobraz.edu.ba\/index.php?rest_route=\/wp\/v2\/types\/page"}],"author":[{"embeddable":true,"href":"https:\/\/strucnoobraz.edu.ba\/index.php?rest_route=\/wp\/v2\/users\/1"}],"replies":[{"embeddable":true,"href":"https:\/\/strucnoobraz.edu.ba\/index.php?rest_route=%2Fwp%2Fv2%2Fcomments&post=51"}],"version-history":[{"count":4,"href":"https:\/\/strucnoobraz.edu.ba\/index.php?rest_route=\/wp\/v2\/pages\/51\/revisions"}],"predecessor-version":[{"id":1805,"href":"https:\/\/strucnoobraz.edu.ba\/index.php?rest_route=\/wp\/v2\/pages\/51\/revisions\/1805"}],"up":[{"embeddable":true,"href":"https:\/\/strucnoobraz.edu.ba\/index.php?rest_route=\/wp\/v2\/pages\/46"}],"wp:attachment":[{"href":"https:\/\/strucnoobraz.edu.ba\/index.php?rest_route=%2Fwp%2Fv2%2Fmedia&parent=51"}],"curies":[{"name":"wp","href":"https:\/\/api.w.org\/{rel}","templated":true}]}}