{"id":49,"date":"2019-10-10T14:19:58","date_gmt":"2019-10-10T12:19:58","guid":{"rendered":"http:\/\/strucnoobraz.web.ba\/?page_id=49"},"modified":"2024-11-26T10:28:51","modified_gmt":"2024-11-26T09:28:51","slug":"vannastavne-aktivnosti-i-sekcije","status":"publish","type":"page","link":"https:\/\/strucnoobraz.edu.ba\/?page_id=49","title":{"rendered":"Vannastavne aktivnosti i sekcije"},"content":{"rendered":"\n<p>Vannastavne aktivnosti su veoma va\u017ene za u\u010denike na\u0161e \u0161kole. Putem vannastavnih aktivnosti u\u010denici tragaju za novim na\u010dinom samopo\u0161tovanja i osloba\u0111anja svojih stvarala\u010dkih potencijala. Tako\u0111er putem vannastavnih aktivnosti djeca ispunjavaju svoje vrijeme konstruktivno, kreativno i kod u\u010denika se sprje\u010davaju ona pona\u0161anja koja nisu prihvatljiva niti u porodici, niti u \u0161koli a ni u dru\u0161tvenoj zajednici. U vannastavnim aktivnostima se mogu postizati vidni rezultati u\u010denika i razvijati zanimanje za bavljenje odre\u0111enim aktivnostima u slobodnom vremenu.&nbsp;Kod u\u010denika prije svega trebamo razvijati motivaciju za uklju\u010divanjem u vannastavne aktivnosti, putem prikazivanja plana-\u0161ta \u0107e se raditi, putem dovo\u0111enja u\u010denika koji je ranije bio u tim vannastavnim aktivnostima-da ispri\u010da svoje do\u017eivljaje, putem davanja slika sa takmi\u010denja, putem pokazivanja razli\u010ditih nagrada koje je odre\u0111ena sekcija postigla na takmi\u010denju, kao i putem kreativnog sadr\u017eaja koje \u0107emo u\u010deniku predstaviti putem vannastavnih aktivnosti.<br>U okviru vannastavnih aktivnosti trebaju se po\u0161tovati slijede\u0107a na\u010dela:<\/p>\n\n\n\n<ul class=\"wp-block-list\">\n<li>Sloboda za pravilan izbor vannastavnih aktivnosti<\/li>\n\n\n\n<li>Smislenost koji daje dru\u0161tvenu i eti\u010dku vrijednost sadr\u017eaja, jer besmislenost je prvi put koji vodi ka dosadi, besciljenosti i sl.<\/li>\n\n\n\n<li>Individualnost i grupni rad<\/li>\n\n\n\n<li>Nadarenost<\/li>\n\n\n\n<li>Samoaktivnost u kojoj u\u010denik upoznaje sebe, svoje kvalitete, mogu\u0107nosti, stvara zadovoljstvo za sebe<\/li>\n\n\n\n<li>Raznovrsnost<\/li>\n\n\n\n<li>Primjerenost psihofizi\u010dkim mogu\u0107nostima u\u010denika<\/li>\n\n\n\n<li>Suradnja sa drugim institucijama u oblasti kulture, umjetnosti i sl.<\/li>\n<\/ul>\n\n\n\n<p>U \u0161kolama treba da se nude aktivnosti koje obiluju bogatstvom programskih sadr\u017eaja. Mogu se nuditi sadr\u017eaji kroz sportske sekcije, sekcije likovne kulture, fotografske sekcije, muzi\u010dke sekcije, sekcije izra\u0111ivanja nakita, eko sekcija, informati\u010dka sekcija, dramska sekcija itd.&nbsp; Vannastavne aktivnosti za u\u010denike trebaju imati u svoje sadr\u017eaje ugra\u0111enu socijalnu komponentu razvoja u\u010denika, psiholo\u0161ku, tjelesnu, radnu, emotivnu, moralnu i estetsku. Putem razvoja svih ovih komponenti u vannastavnim aktivnostima u\u010denici se mogu dodatno odgajati i obrazovati, odmarati se, iskazivati svoj stvarala\u010dki rad, nadarenost, socijalizirati se, zabaviti, pa \u010dak i usmjeriti svoje lo\u0161e pona\u0161anje i preobraziti ga u pozitivno i prihvatljivo pona\u0161anje za sebe i druge.<\/p>\n\n\n\n<figure class=\"wp-block-image size-full\"><img loading=\"lazy\" decoding=\"async\" width=\"804\" height=\"609\" src=\"https:\/\/strucnoobraz.edu.ba\/wp-content\/uploads\/image-19.png\" alt=\"\" class=\"wp-image-3638\" srcset=\"https:\/\/strucnoobraz.edu.ba\/wp-content\/uploads\/image-19.png 804w, https:\/\/strucnoobraz.edu.ba\/wp-content\/uploads\/image-19-300x227.png 300w, https:\/\/strucnoobraz.edu.ba\/wp-content\/uploads\/image-19-768x582.png 768w, https:\/\/strucnoobraz.edu.ba\/wp-content\/uploads\/image-19-396x300.png 396w\" sizes=\"auto, (max-width: 804px) 100vw, 804px\" \/><\/figure>\n","protected":false},"excerpt":{"rendered":"<p>Vannastavne aktivnosti su veoma va\u017ene za u\u010denike na\u0161e \u0161kole. Putem vannastavnih aktivnosti u\u010denici tragaju za novim na\u010dinom samopo\u0161tovanja i osloba\u0111anja svojih stvarala\u010dkih potencijala. Tako\u0111er putem vannastavnih aktivnosti djeca ispunjavaju svoje vrijeme konstruktivno, kreativno i kod u\u010denika se sprje\u010davaju ona pona\u0161anja &hellip; <a href=\"https:\/\/strucnoobraz.edu.ba\/?page_id=49\">Continue reading <span class=\"meta-nav\">&rarr;<\/span><\/a><\/p>\n","protected":false},"author":1,"featured_media":0,"parent":46,"menu_order":0,"comment_status":"closed","ping_status":"closed","template":"","meta":{"footnotes":""},"class_list":["post-49","page","type-page","status-publish","hentry"],"_links":{"self":[{"href":"https:\/\/strucnoobraz.edu.ba\/index.php?rest_route=\/wp\/v2\/pages\/49","targetHints":{"allow":["GET"]}}],"collection":[{"href":"https:\/\/strucnoobraz.edu.ba\/index.php?rest_route=\/wp\/v2\/pages"}],"about":[{"href":"https:\/\/strucnoobraz.edu.ba\/index.php?rest_route=\/wp\/v2\/types\/page"}],"author":[{"embeddable":true,"href":"https:\/\/strucnoobraz.edu.ba\/index.php?rest_route=\/wp\/v2\/users\/1"}],"replies":[{"embeddable":true,"href":"https:\/\/strucnoobraz.edu.ba\/index.php?rest_route=%2Fwp%2Fv2%2Fcomments&post=49"}],"version-history":[{"count":8,"href":"https:\/\/strucnoobraz.edu.ba\/index.php?rest_route=\/wp\/v2\/pages\/49\/revisions"}],"predecessor-version":[{"id":3640,"href":"https:\/\/strucnoobraz.edu.ba\/index.php?rest_route=\/wp\/v2\/pages\/49\/revisions\/3640"}],"up":[{"embeddable":true,"href":"https:\/\/strucnoobraz.edu.ba\/index.php?rest_route=\/wp\/v2\/pages\/46"}],"wp:attachment":[{"href":"https:\/\/strucnoobraz.edu.ba\/index.php?rest_route=%2Fwp%2Fv2%2Fmedia&parent=49"}],"curies":[{"name":"wp","href":"https:\/\/api.w.org\/{rel}","templated":true}]}}