{"id":4,"date":"2019-11-04T14:56:35","date_gmt":"2019-11-04T13:56:35","guid":{"rendered":"http:\/\/strucnoobraz.web.ba\/?page_id=4"},"modified":"2019-12-02T13:40:22","modified_gmt":"2019-12-02T12:40:22","slug":"knjigovezac","status":"publish","type":"page","link":"https:\/\/strucnoobraz.edu.ba\/?page_id=4","title":{"rendered":"Knjigovezac"},"content":{"rendered":"<p style=\"text-align: center;\" align=\"justify\"><a href=\"https:\/\/strucnoobraz.edu.ba\/?page_id=4\"><img loading=\"lazy\" decoding=\"async\" class=\"aligncenter wp-image-1409 size-full\" src=\"https:\/\/strucnoobraz.edu.ba\/wp-content\/uploads\/KNJIGOVEZAC.jpg\" alt=\"\" width=\"874\" height=\"374\" srcset=\"https:\/\/strucnoobraz.edu.ba\/wp-content\/uploads\/KNJIGOVEZAC.jpg 874w, https:\/\/strucnoobraz.edu.ba\/wp-content\/uploads\/KNJIGOVEZAC-300x128.jpg 300w, https:\/\/strucnoobraz.edu.ba\/wp-content\/uploads\/KNJIGOVEZAC-768x329.jpg 768w\" sizes=\"auto, (max-width: 874px) 100vw, 874px\" \/><\/a><\/p>\n<p style=\"text-align: left;\" align=\"justify\">KNJIGOVEZAC<\/p>\n<p>Po zavr\u0161etku trogodi\u0161njeg \u0161kolovanja u\u010denik dobiva zvanje &#8211; <strong><em>pomo\u0107ni knjigovezac&nbsp;<\/em><\/strong>a nakon \u010detverogodi\u0161njeg \u0161kolovanja &#8211;<strong><em> knjigovezac<\/em><\/strong>.<\/p>\n<p align=\"justify\"><strong><em>Opis poslova:<\/em><\/strong><\/p>\n<p align=\"justify\">Proizvodi grafi\u010dke industrije su knjige, \u010dasopisi, novine, prospekti, plakati, sredstva za pakovanje bez kojih se ne mo\u017ee zamisliti svakodnevni \u017eivot. Glavno podru\u010dje grafi\u010dke industrije je projektovanje, oblikovanje i izrada grafi\u010dkih proizvoda.<\/p>\n<p align=\"justify\">U okviru zanimanja knjigovezac u\u010denici sti\u010du teoretska i prakti\u010dna znanja iz oblasti grafi\u010dke industrije.<\/p>\n<p align=\"justify\">Proizvodi knjigoveza\u010dke dorade su: blokovi, bro\u0161ure, povezi, novine, kalendari, katalozi&#8230;<\/p>\n<p align=\"justify\"><em><strong>Stru\u010dni predmeti su:<\/strong><\/em><\/p>\n<ul>\n<li>\n<div>Tehnologija materijala<\/div>\n<\/li>\n<li>\n<div>Tehnologija zanimanja<\/div>\n<\/li>\n<li>\n<div>Hemija i biologija (u \u010detvrtom razredu)<\/div>\n<\/li>\n<li>\n<div>Prakti\u010dna nastava&nbsp;<\/div>\n<\/li>\n<\/ul>\n<p><strong><em>Prakti\u010dna nastava:<\/em><\/strong><\/p>\n<p>Prakti\u010dna nastava se mo\u017ee odr\u017eavati u privatnim radionicama zanatskog tipa ili izdava\u010dkim ku\u0107ama, \u0161tamparijama. Trenutno u\u010denici obavljaju praksu u \u0161koli, \u0161kolskom knjigoveza\u010dkom kabinetu. Prakti\u010dna nastava traje 12 sati sedmi\u010dno, svaki dan osim srijede.<\/p>\n<p>&nbsp;<\/p>\n","protected":false},"excerpt":{"rendered":"<p>KNJIGOVEZAC Po zavr\u0161etku trogodi\u0161njeg \u0161kolovanja u\u010denik dobiva zvanje &#8211; pomo\u0107ni knjigovezac&nbsp;a nakon \u010detverogodi\u0161njeg \u0161kolovanja &#8211; knjigovezac. Opis poslova: Proizvodi grafi\u010dke industrije su knjige, \u010dasopisi, novine, prospekti, plakati, sredstva za pakovanje bez kojih se ne mo\u017ee zamisliti svakodnevni \u017eivot. Glavno podru\u010dje &hellip; <a href=\"https:\/\/strucnoobraz.edu.ba\/?page_id=4\">Continue reading <span class=\"meta-nav\">&rarr;<\/span><\/a><\/p>\n","protected":false},"author":1,"featured_media":0,"parent":35,"menu_order":0,"comment_status":"closed","ping_status":"closed","template":"","meta":{"footnotes":""},"class_list":["post-4","page","type-page","status-publish","hentry"],"_links":{"self":[{"href":"https:\/\/strucnoobraz.edu.ba\/index.php?rest_route=\/wp\/v2\/pages\/4","targetHints":{"allow":["GET"]}}],"collection":[{"href":"https:\/\/strucnoobraz.edu.ba\/index.php?rest_route=\/wp\/v2\/pages"}],"about":[{"href":"https:\/\/strucnoobraz.edu.ba\/index.php?rest_route=\/wp\/v2\/types\/page"}],"author":[{"embeddable":true,"href":"https:\/\/strucnoobraz.edu.ba\/index.php?rest_route=\/wp\/v2\/users\/1"}],"replies":[{"embeddable":true,"href":"https:\/\/strucnoobraz.edu.ba\/index.php?rest_route=%2Fwp%2Fv2%2Fcomments&post=4"}],"version-history":[{"count":16,"href":"https:\/\/strucnoobraz.edu.ba\/index.php?rest_route=\/wp\/v2\/pages\/4\/revisions"}],"predecessor-version":[{"id":1648,"href":"https:\/\/strucnoobraz.edu.ba\/index.php?rest_route=\/wp\/v2\/pages\/4\/revisions\/1648"}],"up":[{"embeddable":true,"href":"https:\/\/strucnoobraz.edu.ba\/index.php?rest_route=\/wp\/v2\/pages\/35"}],"wp:attachment":[{"href":"https:\/\/strucnoobraz.edu.ba\/index.php?rest_route=%2Fwp%2Fv2%2Fmedia&parent=4"}],"curies":[{"name":"wp","href":"https:\/\/api.w.org\/{rel}","templated":true}]}}