{"id":3324,"date":"2023-10-06T10:10:06","date_gmt":"2023-10-06T08:10:06","guid":{"rendered":"http:\/\/strucnoobraz.edu.ba\/?page_id=3324"},"modified":"2026-03-09T11:44:59","modified_gmt":"2026-03-09T10:44:59","slug":"nastavni-plan-i-program","status":"publish","type":"page","link":"https:\/\/strucnoobraz.edu.ba\/?page_id=3324","title":{"rendered":"Nastavni planovi i programi"},"content":{"rendered":"\n<hr class=\"wp-block-separator has-css-opacity\"\/>\n\n\n\n<figure class=\"wp-block-table is-style-stripes\"><table><thead><tr><th>              <strong>SMJER<\/strong><\/th><th>                <strong>LINK<\/strong><\/th><\/tr><\/thead><tbody><tr><td>(pomo\u0107ni) knjigovezac<\/td><td><a href=\"https:\/\/drive.google.com\/file\/d\/12JOprQnUbyTBwLy0JqJF_P1WxfKVFEwF\/view?usp=sharing\" data-type=\"link\" data-id=\"https:\/\/drive.google.com\/file\/d\/12JOprQnUbyTBwLy0JqJF_P1WxfKVFEwF\/view?usp=sharing\" target=\"_blank\" rel=\"noreferrer noopener\"><mark style=\"background-color:rgba(0, 0, 0, 0)\" class=\"has-inline-color has-blue-color\">Nastavni plan i program<\/mark><\/a><\/td><\/tr><tr><td>(pomo\u0107ni) moler-farbar<\/td><td><a href=\"https:\/\/drive.google.com\/file\/d\/1g9XP_hPExsJN-8Vux6rNnkl_hzdVjUAg\/view?usp=drive_link\" target=\"_blank\" rel=\"noreferrer noopener\"><span class=\"has-inline-color has-blue-color\">Nastavni plan i program<\/span><\/a><\/td><\/tr><tr><td>(pomo\u0107ni) cvje\u0107ar\/vrtlar<\/td><td><a rel=\"noreferrer noopener\" href=\"https:\/\/drive.google.com\/file\/d\/105C4fSg1BFwPYTk9cPs7E_8KvqJoJPfV\/view?usp=drive_link\" target=\"_blank\"><span class=\"has-inline-color has-blue-color\">Nastavni plan i program<\/span><\/a><\/td><\/tr><tr><td>(pomo\u0107ni) kuhar<\/td><td><a rel=\"noreferrer noopener\" href=\"https:\/\/drive.google.com\/file\/d\/15oxuP8DSYdCy3-m5U5r0KbCCNDNz_ddI\/view?usp=share_link\" target=\"_blank\"><span class=\"has-inline-color has-blue-color\">Nastavni plan i program<\/span><\/a><\/td><\/tr><tr><td>(pomo\u0107ni) reklamni grafi\u010dar<\/td><td><a href=\"https:\/\/drive.google.com\/file\/d\/159dL-A1BYT5AvnL5zih1V2WSSqnC_UUD\/view?usp=sharing\" target=\"_blank\" rel=\"noreferrer noopener\"><mark style=\"background-color:rgba(0, 0, 0, 0)\" class=\"has-inline-color has-blue-color\">Nastavni plan i program<\/mark><\/a><\/td><\/tr><tr><td>(prilago\u0111eni) pomo\u0107ni dekorater<\/td><td><a href=\"https:\/\/drive.google.com\/file\/d\/1DY1GdQiP5Dvtc0hYl-e3iiVginO7i9M5\/view?usp=drive_link\" target=\"_blank\" rel=\"noreferrer noopener\"><span class=\"has-inline-color has-blue-color\">Nastavni plan i program<\/span><\/a><\/td><\/tr><\/tbody><tfoot><tr><td><\/td><td><\/td><\/tr><\/tfoot><\/table><\/figure>\n\n\n\n<p><\/p>\n","protected":false},"excerpt":{"rendered":"<p>SMJER LINK (pomo\u0107ni) knjigovezac Nastavni plan i program (pomo\u0107ni) moler-farbar Nastavni plan i program (pomo\u0107ni) cvje\u0107ar\/vrtlar Nastavni plan i program (pomo\u0107ni) kuhar Nastavni plan i program (pomo\u0107ni) reklamni grafi\u010dar Nastavni plan i program (prilago\u0111eni) pomo\u0107ni dekorater Nastavni plan i program<\/p>\n","protected":false},"author":1,"featured_media":0,"parent":0,"menu_order":0,"comment_status":"closed","ping_status":"closed","template":"","meta":{"footnotes":""},"class_list":["post-3324","page","type-page","status-publish","hentry"],"_links":{"self":[{"href":"https:\/\/strucnoobraz.edu.ba\/index.php?rest_route=\/wp\/v2\/pages\/3324","targetHints":{"allow":["GET"]}}],"collection":[{"href":"https:\/\/strucnoobraz.edu.ba\/index.php?rest_route=\/wp\/v2\/pages"}],"about":[{"href":"https:\/\/strucnoobraz.edu.ba\/index.php?rest_route=\/wp\/v2\/types\/page"}],"author":[{"embeddable":true,"href":"https:\/\/strucnoobraz.edu.ba\/index.php?rest_route=\/wp\/v2\/users\/1"}],"replies":[{"embeddable":true,"href":"https:\/\/strucnoobraz.edu.ba\/index.php?rest_route=%2Fwp%2Fv2%2Fcomments&post=3324"}],"version-history":[{"count":25,"href":"https:\/\/strucnoobraz.edu.ba\/index.php?rest_route=\/wp\/v2\/pages\/3324\/revisions"}],"predecessor-version":[{"id":4227,"href":"https:\/\/strucnoobraz.edu.ba\/index.php?rest_route=\/wp\/v2\/pages\/3324\/revisions\/4227"}],"wp:attachment":[{"href":"https:\/\/strucnoobraz.edu.ba\/index.php?rest_route=%2Fwp%2Fv2%2Fmedia&parent=3324"}],"curies":[{"name":"wp","href":"https:\/\/api.w.org\/{rel}","templated":true}]}}