{"id":3006,"date":"2022-11-23T11:50:35","date_gmt":"2022-11-23T10:50:35","guid":{"rendered":"http:\/\/strucnoobraz.edu.ba\/?page_id=3006"},"modified":"2023-03-03T12:48:52","modified_gmt":"2023-03-03T11:48:52","slug":"prijava-korupcije-2","status":"publish","type":"page","link":"https:\/\/strucnoobraz.edu.ba\/?page_id=3006","title":{"rendered":"Prijava korupcije"},"content":{"rendered":"\n<div class=\"wp-block-group\"><div class=\"wp-block-group__inner-container is-layout-flow wp-block-group-is-layout-flow\">\n<p>Prijavu korupcije mo\u017eete izvr\u0161iti slanjem e-maila na adresu: antikorup@strucnoobraz.edu.ba ili putem forme ispod ovog teksta.<\/p>\n<\/div><\/div>\n\n\n<div class=\"forminator-ui forminator-custom-form forminator-custom-form-3010 forminator-design--material  forminator_ajax\" data-forminator-render=\"0\" data-form=\"forminator-module-3010\" data-uid=\"69ea4d55edb35\"><br\/><\/div><form\n\t\t\t\tid=\"forminator-module-3010\"\n\t\t\t\tclass=\"forminator-ui forminator-custom-form forminator-custom-form-3010 forminator-design--material  forminator_ajax\"\n\t\t\t\tmethod=\"post\"\n\t\t\t\tdata-forminator-render=\"0\"\n\t\t\t\tdata-form-id=\"3010\"\n\t\t\t\t\n\t\t\t\tdata-design=\"material\"\n\t\t\t\t\n\t\t\t\t\n\t\t\t\t\n\t\t\t\tdata-grid=\"open\"\n\t\t\t\tenctype=\"multipart\/form-data\"\n\t\t\t\t\n\t\t\t\tstyle=\"display: none;\"\n\t\t\t\t\n\t\t\t\tdata-uid=\"69ea4d55edb35\"\n\t\t\t><div class=\"forminator-response-message forminator-error\" aria-hidden=\"true\"><\/div><div class=\"forminator-row\"><div id=\"name-1\" class=\"forminator-col forminator-col-12 \"><div class=\"forminator-field\"><label for=\"forminator-field-name-1_69ea4d55edb35\" class=\"forminator-label\">Va\u0161e ime i prezime <span class=\"forminator-required\">*<\/span><\/label><input type=\"text\" name=\"name-1\" value=\"\" placeholder=\"\" id=\"forminator-field-name-1_69ea4d55edb35\" class=\"forminator-input forminator-name--field\" aria-required=\"true\" \/><\/div><\/div><\/div><div class=\"forminator-row\"><div id=\"email-1\" class=\"forminator-col forminator-col-12 \"><div class=\"forminator-field\"><label for=\"forminator-field-email-1_69ea4d55edb35\" class=\"forminator-label\">Va\u0161 email <span class=\"forminator-required\">*<\/span><\/label><input type=\"email\" name=\"email-1\" value=\"\" placeholder=\"ime@prezime.ba\" id=\"forminator-field-email-1_69ea4d55edb35\" class=\"forminator-input forminator-email--field\" data-required=\"1\" aria-required=\"true\" \/><\/div><\/div><\/div><div class=\"forminator-row\"><div id=\"phone-1\" class=\"forminator-col forminator-col-12 \"><div class=\"forminator-field\"><label for=\"forminator-field-phone-1_69ea4d55edb35\" class=\"forminator-label\">Va\u0161 broj telefona<\/label><input type=\"text\" name=\"phone-1\" value=\"\" placeholder=\"Ne morate unijeti broj ako prijavljujete anonimno...\" id=\"forminator-field-phone-1_69ea4d55edb35\" class=\"forminator-input forminator-field--phone\" data-required=\"\" aria-required=\"false\" autocomplete=\"off\" \/><\/div><\/div><\/div><div class=\"forminator-row\"><div id=\"text-1\" class=\"forminator-col forminator-col-12 \"><div class=\"forminator-field\"><label for=\"forminator-field-text-1_69ea4d55edb35\" class=\"forminator-label\">Na koga se Va\u0161a prijava odnosi ? <span class=\"forminator-required\">*<\/span><\/label><input type=\"text\" name=\"text-1\" value=\"\" placeholder=\"Unesite ime i prezime i poziciju osobe koju prijavljujete...\" id=\"forminator-field-text-1_69ea4d55edb35\" class=\"forminator-input forminator-name--field\" data-required=\"1\" \/><\/div><\/div><\/div><div class=\"forminator-row\"><div id=\"textarea-1\" class=\"forminator-col forminator-col-12 \"><div class=\"forminator-field\"><label for=\"forminator-field-textarea-1_69ea4d55edb35\" class=\"forminator-label\">OPI\u0160ITE NEZAKONITU RADNJU <span class=\"forminator-required\">*<\/span><\/label><textarea name=\"textarea-1\" placeholder=\"\" id=\"forminator-field-textarea-1_69ea4d55edb35\" class=\"forminator-textarea\" rows=\"6\" style=\"min-height:140px;\" ><\/textarea><\/div><\/div><\/div><div class=\"forminator-row\"><div id=\"upload-1\" class=\"forminator-col forminator-col-12 \"><div class=\"forminator-field\"><label for=\"forminator-field-upload-1_69ea4d55edb35\" class=\"forminator-label\">UKOLIKO POSJEDUJETE PISANE I\/ILI MATERIJALNE DOKAZE, MOLIMO DA IH DOSTAVITE<\/label><div class=\"forminator-file-upload \" data-element=\"upload-1_69ea4d55edb35\" aria-describedby=\"forminator-field-upload-1_69ea4d55edb35-description\"><input type=\"file\" name=\"upload-1\" id=\"forminator-field-upload-1_69ea4d55edb35\" class=\"forminator-input-file\" accept=\".jpg,.jpeg,.jpe,.gif,.png,.bmp,.tiff,.tif,.ico,.heic,.asf,.asx,.wmv,.wmx,.wm,.avi,.divx,.flv,.mov,.qt,.mpeg,.mpg,.mpe,.mp4,.m4v,.ogv,.webm,.mkv,.3gp,.3gpp,.3g2,.3gp2,.txt,.asc,.c,.cc,.h,.srt,.csv,.tsv,.ics,.rtx,.css,.htm,.html,.vtt,.dfxp,.mp3,.m4a,.m4b,.aac,.ra,.ram,.wav,.ogg,.oga,.flac,.mid,.midi,.wma,.wax,.mka,.rtf,.js,.pdf,.class,.tar,.zip,.gz,.gzip,.rar,.7z,.psd,.xcf,.doc,.pot,.pps,.ppt,.wri,.xla,.xls,.xlt,.xlw,.mdb,.mpp,.docx,.docm,.dotx,.dotm,.xlsx,.xlsm,.xlsb,.xltx,.xltm,.xlam,.pptx,.pptm,.ppsx,.ppsm,.potx,.potm,.ppam,.sldx,.sldm,.onetoc,.onetoc2,.onetmp,.onepkg,.oxps,.xps,.odt,.odp,.ods,.odg,.odc,.odb,.odf,.wp,.wpd,.key,.numbers,.pages\"><button id=\"forminator-field-upload-1_69ea4d55edb35_button\" class=\"forminator-button forminator-button-upload\" data-id=\"forminator-field-upload-1_69ea4d55edb35\"><span>Choose File<\/span><span aria-hidden=\"true\"><\/span><\/button><span data-empty-text=\"No file chosen\">No file chosen<\/span><button class=\"forminator-button-delete\" style=\"display: none;\"><i class=\"forminator-icon-close\" aria-hidden=\"true\"><\/i><span class=\"forminator-screen-reader-only\">Delete uploaded file<\/span><\/button><\/div><\/div><\/div><\/div><div class=\"forminator-row\"><div id=\"textarea-2\" class=\"forminator-col forminator-col-12 \"><div class=\"forminator-field\"><label for=\"forminator-field-textarea-2_69ea4d55edb35\" class=\"forminator-label\">MJESTO GDJE JE IZVR\u0160ENA NEZAKONITA RADNJA? <span class=\"forminator-required\">*<\/span><\/label><textarea name=\"textarea-2\" placeholder=\"\" id=\"forminator-field-textarea-2_69ea4d55edb35\" class=\"forminator-textarea\" rows=\"6\" style=\"min-height:140px;\" ><\/textarea><\/div><\/div><\/div><div class=\"forminator-row\"><div id=\"textarea-3\" class=\"forminator-col forminator-col-12 \"><div class=\"forminator-field\"><label for=\"forminator-field-textarea-3_69ea4d55edb35\" class=\"forminator-label\">KADA JE IZVR\u0160ENA NEZAKONITA RADNJA? <span class=\"forminator-required\">*<\/span><\/label><textarea name=\"textarea-3\" placeholder=\"\" id=\"forminator-field-textarea-3_69ea4d55edb35\" class=\"forminator-textarea\" rows=\"6\" style=\"min-height:140px;\" ><\/textarea><\/div><\/div><\/div><div class=\"forminator-row\"><div id=\"textarea-4\" class=\"forminator-col forminator-col-6 \"><div class=\"forminator-field\"><label for=\"forminator-field-textarea-4_69ea4d55edb35\" class=\"forminator-label\">DA LI STE JO\u0160 NEKOME PRIJAVILI OVE INDICIJE KORUPTIVNOG PONA\u0160ANJA I IMATE LI DODATI NE\u0160TO U VEZI SA VA\u0160OM PRIJAVOM? <span class=\"forminator-required\">*<\/span><\/label><textarea name=\"textarea-4\" placeholder=\"\" id=\"forminator-field-textarea-4_69ea4d55edb35\" class=\"forminator-textarea\" rows=\"6\" style=\"min-height:140px;\" ><\/textarea><\/div><\/div><div id=\"captcha-1\" class=\"forminator-col forminator-col-6 \"><div class=\"forminator-hcaptcha\" data-theme=\"light\"  data-sitekey=\"4d7ac9d9-d4fb-497e-b4e4-e5846523c051\" data-size=\"normal\"><\/div> <\/div><\/div><input type=\"hidden\" name=\"referer_url\" value=\"\" \/><div class=\"forminator-row forminator-row-last\"><div class=\"forminator-col\"><div class=\"forminator-field\"><button class=\"forminator-button forminator-button-submit\"><span>Send Message<\/span><span aria-hidden=\"true\"><\/span><\/button><\/div><\/div><\/div><input type=\"hidden\" id=\"forminator_nonce\" name=\"forminator_nonce\" value=\"f28140aff8\" \/><input type=\"hidden\" name=\"_wp_http_referer\" value=\"\/index.php?rest_route=%2Fwp%2Fv2%2Fpages%2F3006\" \/><input type=\"hidden\" name=\"form_id\" value=\"3010\"><input type=\"hidden\" name=\"page_id\" value=\"3006\"><input type=\"hidden\" name=\"form_type\" value=\"default\"><input type=\"hidden\" name=\"current_url\" value=\"https:\/\/strucnoobraz.edu.ba\/?page_id=3006\"><input type=\"hidden\" name=\"render_id\" value=\"0\"><input type=\"hidden\" name=\"action\" value=\"forminator_submit_form_custom-forms\"><label for=\"input_10\" class=\"forminator-hidden\" aria-hidden=\"true\">Please do not fill in this field. <input id=\"input_10\" type=\"text\" name=\"input_10\" value=\"\" autocomplete=\"off\"><\/label><\/form>\n\n\n\n<p><\/p>\n","protected":false},"excerpt":{"rendered":"<p>Prijavu korupcije mo\u017eete izvr\u0161iti slanjem e-maila na adresu: antikorup@strucnoobraz.edu.ba ili putem forme ispod ovog teksta.<\/p>\n","protected":false},"author":1,"featured_media":0,"parent":0,"menu_order":0,"comment_status":"closed","ping_status":"closed","template":"","meta":{"footnotes":""},"class_list":["post-3006","page","type-page","status-publish","hentry"],"_links":{"self":[{"href":"https:\/\/strucnoobraz.edu.ba\/index.php?rest_route=\/wp\/v2\/pages\/3006","targetHints":{"allow":["GET"]}}],"collection":[{"href":"https:\/\/strucnoobraz.edu.ba\/index.php?rest_route=\/wp\/v2\/pages"}],"about":[{"href":"https:\/\/strucnoobraz.edu.ba\/index.php?rest_route=\/wp\/v2\/types\/page"}],"author":[{"embeddable":true,"href":"https:\/\/strucnoobraz.edu.ba\/index.php?rest_route=\/wp\/v2\/users\/1"}],"replies":[{"embeddable":true,"href":"https:\/\/strucnoobraz.edu.ba\/index.php?rest_route=%2Fwp%2Fv2%2Fcomments&post=3006"}],"version-history":[{"count":4,"href":"https:\/\/strucnoobraz.edu.ba\/index.php?rest_route=\/wp\/v2\/pages\/3006\/revisions"}],"predecessor-version":[{"id":3121,"href":"https:\/\/strucnoobraz.edu.ba\/index.php?rest_route=\/wp\/v2\/pages\/3006\/revisions\/3121"}],"wp:attachment":[{"href":"https:\/\/strucnoobraz.edu.ba\/index.php?rest_route=%2Fwp%2Fv2%2Fmedia&parent=3006"}],"curies":[{"name":"wp","href":"https:\/\/api.w.org\/{rel}","templated":true}]}}