{"id":27,"date":"2019-11-04T15:07:22","date_gmt":"2019-11-04T14:07:22","guid":{"rendered":"http:\/\/strucnoobraz.web.ba\/?page_id=27"},"modified":"2019-11-04T13:18:33","modified_gmt":"2019-11-04T12:18:33","slug":"operator-za-unos-podataka","status":"publish","type":"page","link":"https:\/\/strucnoobraz.edu.ba\/?page_id=27","title":{"rendered":"Reklamni grafi\u010dar"},"content":{"rendered":"<p style=\"text-align: center;\" align=\"justify\"><img loading=\"lazy\" decoding=\"async\" class=\"aligncenter wp-image-1411 size-full\" src=\"https:\/\/strucnoobraz.edu.ba\/wp-content\/uploads\/REKLAMNI-GRAFI\u010cAR.jpg\" alt=\"\" width=\"874\" height=\"374\" srcset=\"https:\/\/strucnoobraz.edu.ba\/wp-content\/uploads\/REKLAMNI-GRAFI\u010cAR.jpg 874w, https:\/\/strucnoobraz.edu.ba\/wp-content\/uploads\/REKLAMNI-GRAFI\u010cAR-300x128.jpg 300w, https:\/\/strucnoobraz.edu.ba\/wp-content\/uploads\/REKLAMNI-GRAFI\u010cAR-768x329.jpg 768w\" sizes=\"auto, (max-width: 874px) 100vw, 874px\" \/><\/p>\n<p style=\"text-align: left;\" align=\"justify\">REKLAMNI GRAFI\u010cAR<\/p>\n<p align=\"justify\">Po zavr\u0161etku trogodi\u0161njeg \u0161kolovanja u\u010denik sti\u010de zanimanje &#8211; <strong><em>pomo\u0107ni reklamni grafi\u010dar<\/em><\/strong>, a nakon \u010detverogodi\u0161njeg \u0161kolovanja &#8211; <strong><em>reklamni grafi\u010dar<\/em><\/strong>.<\/p>\n<p align=\"justify\"><strong>Opis poslova:<\/strong><\/p>\n<p>U\u010denici se samostalno slu\u017ee operativnim sistemom Windows, pisanjem razli\u010ditih tekstova i njihovom obradom u Word-u, izradom tabela u Excel-u, obradom fotografija&nbsp; u Photoshop -u&nbsp; i CorelDraw -u, kori\u0161tenjem i pretra\u017eivanjem&nbsp; Interneta&#8230;<br \/>\nStru\u010dno &#8211; teorijska znanja iz grafi\u010dke struke su na najbolji na\u010din povezana sa informati\u010dkim znanjima i omogu\u0107avaju u\u010denicima da pripremaju za \u0161tampu vrlo razli\u010dite materijale (bro\u0161ure, vizitkarte, menije, kalendare, knjige, reklame)<\/p>\n<p><strong>Stru\u010dni predmeti : <\/strong><\/p>\n<ol>\n<li>Tehnologija zanimanja&nbsp;i materijala<\/li>\n<li>Teorija forme<\/li>\n<li>Likovna kultura<\/li>\n<li>Prakti\u010dna nastava<\/li>\n<\/ol>\n<p align=\"justify\"><strong>PRAKTI\u010cNA NASTAVA <\/strong><\/p>\n<p align=\"justify\">Prakti\u010dna nastava se obavlja u \u0161koli u multimedijalno opremljenom kabinetu, traje 12 sati sedmi\u010dno (\u0161kolskih \u010dasova).<br \/>\nProstor u kojem se obavlja prakti\u010dna nastava je prilago\u0111en izvo\u0111enju i teorijskog i prakti\u010dnog dijela nastave. Svaki u\u010denik ima svoj sto i ra\u010dunar. Ovo zanimanje ne zahtijeva fizi\u010dke napore niti veliku pokretljivost osim motorike ruku (prstiju), koordinacije oko &#8211; ruka &#8211; plo\u010da.<\/p>\n<p align=\"justify\">&nbsp;<\/p>\n","protected":false},"excerpt":{"rendered":"<p>REKLAMNI GRAFI\u010cAR Po zavr\u0161etku trogodi\u0161njeg \u0161kolovanja u\u010denik sti\u010de zanimanje &#8211; pomo\u0107ni reklamni grafi\u010dar, a nakon \u010detverogodi\u0161njeg \u0161kolovanja &#8211; reklamni grafi\u010dar. Opis poslova: U\u010denici se samostalno slu\u017ee operativnim sistemom Windows, pisanjem razli\u010ditih tekstova i njihovom obradom u Word-u, izradom tabela u &hellip; <a href=\"https:\/\/strucnoobraz.edu.ba\/?page_id=27\">Continue reading <span class=\"meta-nav\">&rarr;<\/span><\/a><\/p>\n","protected":false},"author":1,"featured_media":0,"parent":35,"menu_order":0,"comment_status":"closed","ping_status":"closed","template":"","meta":{"footnotes":""},"class_list":["post-27","page","type-page","status-publish","hentry"],"_links":{"self":[{"href":"https:\/\/strucnoobraz.edu.ba\/index.php?rest_route=\/wp\/v2\/pages\/27","targetHints":{"allow":["GET"]}}],"collection":[{"href":"https:\/\/strucnoobraz.edu.ba\/index.php?rest_route=\/wp\/v2\/pages"}],"about":[{"href":"https:\/\/strucnoobraz.edu.ba\/index.php?rest_route=\/wp\/v2\/types\/page"}],"author":[{"embeddable":true,"href":"https:\/\/strucnoobraz.edu.ba\/index.php?rest_route=\/wp\/v2\/users\/1"}],"replies":[{"embeddable":true,"href":"https:\/\/strucnoobraz.edu.ba\/index.php?rest_route=%2Fwp%2Fv2%2Fcomments&post=27"}],"version-history":[{"count":8,"href":"https:\/\/strucnoobraz.edu.ba\/index.php?rest_route=\/wp\/v2\/pages\/27\/revisions"}],"predecessor-version":[{"id":1413,"href":"https:\/\/strucnoobraz.edu.ba\/index.php?rest_route=\/wp\/v2\/pages\/27\/revisions\/1413"}],"up":[{"embeddable":true,"href":"https:\/\/strucnoobraz.edu.ba\/index.php?rest_route=\/wp\/v2\/pages\/35"}],"wp:attachment":[{"href":"https:\/\/strucnoobraz.edu.ba\/index.php?rest_route=%2Fwp%2Fv2%2Fmedia&parent=27"}],"curies":[{"name":"wp","href":"https:\/\/api.w.org\/{rel}","templated":true}]}}