{"id":24,"date":"2019-11-04T15:06:06","date_gmt":"2019-11-04T14:06:06","guid":{"rendered":"http:\/\/strucnoobraz.web.ba\/?page_id=24"},"modified":"2020-04-14T21:59:12","modified_gmt":"2020-04-14T19:59:12","slug":"moler-farbar","status":"publish","type":"page","link":"https:\/\/strucnoobraz.edu.ba\/?page_id=24","title":{"rendered":"Moler-farbar"},"content":{"rendered":"<p style=\"text-align: center;\"><img loading=\"lazy\" decoding=\"async\" class=\"aligncenter wp-image-1416 size-full\" src=\"https:\/\/strucnoobraz.edu.ba\/wp-content\/uploads\/MOLER-FARBAR.jpg\" alt=\"\" width=\"874\" height=\"374\" srcset=\"https:\/\/strucnoobraz.edu.ba\/wp-content\/uploads\/MOLER-FARBAR.jpg 874w, https:\/\/strucnoobraz.edu.ba\/wp-content\/uploads\/MOLER-FARBAR-300x128.jpg 300w, https:\/\/strucnoobraz.edu.ba\/wp-content\/uploads\/MOLER-FARBAR-768x329.jpg 768w\" sizes=\"auto, (max-width: 874px) 100vw, 874px\" \/><\/p>\n<p style=\"text-align: left;\">MOLER &#8211; FARBAR<\/p>\n<p>Po zavr\u0161etku trogodi\u0161njeg \u0161kolovanja u\u010denik sti\u010de zvanje &#8211; <strong><em>pomo\u0107ni moler\/farbar<\/em><\/strong>, a nakon \u010detverogodi\u0161njeg \u0161kolovanja &#8211; <strong><em>moler\/farbar<\/em><\/strong>.<\/p>\n<p align=\"justify\"><strong>Opis poslova: <\/strong><\/p>\n<div>\n<ul>\n<li>bojenje unutra\u0161njih i spolja\u0161nih (fasadnih) zidnih povr\u0161ina<\/li>\n<li>bojenje drvenih povr\u0161ina ( vrata, prozori, podovi )<\/li>\n<li>bojenje metalnih povr\u0161ina ( gvozdenih, limenih, radijatora, cijevi )<\/li>\n<li>tapetarski radovi ( pripremanje podloge, ljepila i postavljanje )<\/li>\n<li>montiranje skela<\/li>\n<\/ul>\n<\/div>\n<p align=\"justify\"><strong><em>Stru\u010dni predmeti:<\/em><\/strong><\/p>\n<div>\n<ol>\n<li>Tehnologija materijala i zanimanja<\/li>\n<li>Stru\u010dno crtanje<\/li>\n<li>Prakti\u010dna nastava<\/li>\n<\/ol>\n<\/div>\n<p align=\"justify\">Kroz ove predmete u\u010denici nau\u010de na\u010dine pripremanja materijala ( prirodni kamen, minerali, kristali, vrste gline, malteri, mje\u0161anje betona, metali, legure, drvo, plasti\u010dne mase, boje, razrje\u0111iva\u010di, lakovi),&nbsp; razvijaju smisao za lijepo i racionalno, u\u010de razli\u010dite tehnike rada, rukovanje neophodnim alatima i ma\u0161inama, u\u010de pripremanje zidnih, metalnih i drvenih povr\u0161ina, te njihovo kre\u010denje ili farbanje kroz razne tehnike ukra\u0161avanja.<br \/>\nU\u010denici koji \u017eele ovo zanimanje trebaju biti fizi\u010dki zdravi (pokretni, imati dobar vid)&#8230;<\/p>\n<p align=\"justify\"><strong>Prakti\u010dna nastava:<\/strong><br \/>\nPraksa se mo\u017ee obavljati u firmama koje se bave molersko\/farbarskom djelatno\u0161\u0107u, trenutno u\u010denici obavljaju praksu u \u0161kolskim prostorijama, obnavljaju \u0161kolske u\u010dionice i ostale prostorije.<br \/>\nPraksa se obavlja 2 puta sedmi\u010dno po 7 \u010dasova. Od u\u010denika se o\u010dekuje da poka\u017eu interesovanje za rad, da steknu navike i vje\u0161tine u okviru ovog zanimanja.<\/p>\n","protected":false},"excerpt":{"rendered":"<p>MOLER &#8211; FARBAR Po zavr\u0161etku trogodi\u0161njeg \u0161kolovanja u\u010denik sti\u010de zvanje &#8211; pomo\u0107ni moler\/farbar, a nakon \u010detverogodi\u0161njeg \u0161kolovanja &#8211; moler\/farbar. Opis poslova: bojenje unutra\u0161njih i spolja\u0161nih (fasadnih) zidnih povr\u0161ina bojenje drvenih povr\u0161ina ( vrata, prozori, podovi ) bojenje metalnih povr\u0161ina ( &hellip; <a href=\"https:\/\/strucnoobraz.edu.ba\/?page_id=24\">Continue reading <span class=\"meta-nav\">&rarr;<\/span><\/a><\/p>\n","protected":false},"author":1,"featured_media":0,"parent":35,"menu_order":0,"comment_status":"closed","ping_status":"closed","template":"","meta":{"footnotes":""},"class_list":["post-24","page","type-page","status-publish","hentry"],"_links":{"self":[{"href":"https:\/\/strucnoobraz.edu.ba\/index.php?rest_route=\/wp\/v2\/pages\/24","targetHints":{"allow":["GET"]}}],"collection":[{"href":"https:\/\/strucnoobraz.edu.ba\/index.php?rest_route=\/wp\/v2\/pages"}],"about":[{"href":"https:\/\/strucnoobraz.edu.ba\/index.php?rest_route=\/wp\/v2\/types\/page"}],"author":[{"embeddable":true,"href":"https:\/\/strucnoobraz.edu.ba\/index.php?rest_route=\/wp\/v2\/users\/1"}],"replies":[{"embeddable":true,"href":"https:\/\/strucnoobraz.edu.ba\/index.php?rest_route=%2Fwp%2Fv2%2Fcomments&post=24"}],"version-history":[{"count":6,"href":"https:\/\/strucnoobraz.edu.ba\/index.php?rest_route=\/wp\/v2\/pages\/24\/revisions"}],"predecessor-version":[{"id":2074,"href":"https:\/\/strucnoobraz.edu.ba\/index.php?rest_route=\/wp\/v2\/pages\/24\/revisions\/2074"}],"up":[{"embeddable":true,"href":"https:\/\/strucnoobraz.edu.ba\/index.php?rest_route=\/wp\/v2\/pages\/35"}],"wp:attachment":[{"href":"https:\/\/strucnoobraz.edu.ba\/index.php?rest_route=%2Fwp%2Fv2%2Fmedia&parent=24"}],"curies":[{"name":"wp","href":"https:\/\/api.w.org\/{rel}","templated":true}]}}