{"id":1835,"date":"2020-09-02T13:26:00","date_gmt":"2020-09-02T11:26:00","guid":{"rendered":"http:\/\/strucnoobraz.edu.ba\/?page_id=1835"},"modified":"2026-04-22T09:31:10","modified_gmt":"2026-04-22T07:31:10","slug":"propisi-i-akti","status":"publish","type":"page","link":"https:\/\/strucnoobraz.edu.ba\/?page_id=1835","title":{"rendered":"PROPISI I AKTI"},"content":{"rendered":"<div class=\"entry-header\">\n<h2 class=\"entry-title\"><span style=\"color: #000000;\">Propisi, uredbe i ostali javni akti<\/span><\/h2>\n<\/div>\n<div class=\"entry-content\">\n<p><span style=\"color: #000000;\"><strong><a style=\"color: #000000;\" href=\"https:\/\/strucnoobraz.edu.ba\/wp-content\/uploads\/1.-ZAKON-O-SREDNJEM-OBRAZOVANJU.pdf\">Z<\/a><\/strong><strong><a style=\"color: #000000;\" href=\"https:\/\/strucnoobraz.edu.ba\/wp-content\/uploads\/1.-ZAKON-O-SREDNJEM-OBRAZOVANJU.pdf\">AKON\/PROPISI<\/a><\/strong><\/span><\/p>\n<ol>\n<li><span style=\"color: #000000;\"><a style=\"color: #000000;\" href=\"https:\/\/drive.google.com\/file\/d\/10jmMsNAUCEel6sFF1eO-hVRC1qt5lLJr\/view?usp=sharing\" target=\"_blank\" rel=\"noopener\">ZAKON O RADU FBIH<\/a><\/span><\/li>\n<li><span style=\"color: #000000;\"><a style=\"color: #000000;\" href=\"https:\/\/drive.google.com\/file\/d\/1eEx06WoyKMmFU-fYI8tiGkkyqF7RukcD\/view?usp=sharing\" target=\"_blank\" rel=\"noopener\">ZAKON O ODGOJU I OBRAZOVANJU U OSNOVNOJ I SREDNJOJ \u0160KOLI U KANTONU SARAJEVO<\/a>\u00a0 (27\/24)<\/span><\/li>\n<li>KOLEKTIVNI UGOVOR ZA DJELATNOST SREDNJEG OBRAZOVANJA U KANTONU SARAJEVO\u00a0<a href=\"https:\/\/mo.ks.gov.ba\/sites\/mo.ks.gov.ba\/files\/2023-08\/kolektivni_ugovor_za_djelatnost_srednjeg_obrazovanja.pdf\" target=\"_blank\" rel=\"noopener\">38\/22<\/a>,\u00a0<a href=\"https:\/\/mo.ks.gov.ba\/sites\/mo.ks.gov.ba\/files\/2023-08\/tabela-1_0.pdf\" target=\"_blank\" rel=\"noopener\">47\/22<\/a>,\u00a0<a href=\"https:\/\/mo.ks.gov.ba\/sites\/mo.ks.gov.ba\/files\/2023-08\/za_web-izmjena_kolektivnog_ugovora_za_srednje_1.pdf\" target=\"_blank\" rel=\"noopener\">28\/23,\u00a0<\/a><a href=\"https:\/\/mo.ks.gov.ba\/sites\/mo.ks.gov.ba\/files\/2023-08\/za_web-ispravka_kolektivnog_ugovora_1.pdf\" target=\"_blank\" rel=\"noopener\">31\/23,\u00a0<\/a><a href=\"https:\/\/mo.ks.gov.ba\/sites\/mo.ks.gov.ba\/files\/Kolektivni%20ugovor%20o%20izmjenama%20i%20dopunama%20Kolektivnog%20ugovora%20za%20djelatnost%20srednjeg%20obrazovanja%20u%20Kantonu%20Sarajevo.pdf\" target=\"_blank\" rel=\"noopener\">7\/24<\/a>;\u00a0<a href=\"https:\/\/mo.ks.gov.ba\/sites\/mo.ks.gov.ba\/files\/2024-10\/Kolektivni%20ugovor%20o%20izmjenama%20i%20dopunama%20kolektivnog%20ugovora%20za%20djelatnost%20srednjeg%20obrazovanja%20SN%20KS%2039%2024.pdf\" target=\"_blank\" rel=\"noopener\">39\/24<\/a>,\u00a0<a href=\"https:\/\/mo.ks.gov.ba\/sites\/mo.ks.gov.ba\/files\/2025-05\/Kolektivni%20ugovor%20o%20izmjenama%20i%20dopunama%20KU%20za%20djelatnosti%20srednjeg%20obrazovanja%20SN%20KS%2017%2025.pdf\" target=\"_blank\" rel=\"noopener\">17\/25<\/a>;<\/li>\n<li><span style=\"color: #000000;\"><a style=\"color: #000000;\" href=\"https:\/\/drive.google.com\/file\/d\/16z1LsaZcZKT_chc_kTkHEyEIjmUGuZeY\/view?usp=sharing\" target=\"_blank\" rel=\"noopener\">P<\/a><a style=\"color: #000000;\" href=\"https:\/\/drive.google.com\/file\/d\/16z1LsaZcZKT_chc_kTkHEyEIjmUGuZeY\/view?usp=sharing\" target=\"_blank\" rel=\"noopener\">EDAGO\u0160KI STANDARDI I NORMATIVI ZA SREDNJE OBRAZOVANJE (10\/24)<\/a><\/span><\/li>\n<li><span style=\"color: #000000;\"><a style=\"color: #000000;\" href=\"https:\/\/drive.google.com\/file\/d\/1AxcMQX11q5Z8g9nhKjRQ-jhpqMIMIYFq\/view?usp=sharing\" target=\"_blank\" rel=\"noopener\">Ispravka odluke o pedago\u0161kim standardima i normativima za srednje obrazovanje (10\/24)\u00a0<\/a><\/span><\/li>\n<li><span style=\"color: #000000;\"><a style=\"color: #000000;\" href=\"https:\/\/drive.google.com\/file\/d\/1SthFthgsvOT6YGPaStHMz4f8p2WxCV6H\/view?usp=sharing\" target=\"_blank\" rel=\"noopener\">ODLUKA o izmjenama i dopunama odluke o pedago\u0161kim standardima i normativima za srednje obrazovanje (35\/24)<\/a><\/span><\/li>\n<li><span style=\"color: #000000;\"><a style=\"color: #000000;\" href=\"https:\/\/drive.google.com\/file\/d\/14awIdfjramOaSSMSJgft7le-VuG2QsJO\/view?usp=sharing\" target=\"_blank\" rel=\"noopener\">PRAVILNIK ZA PRIJEM RADNIKA U RADNI ODNOS U OSNOVNIM I SREDNJIM \u0160KOLAMA KAO JAVNIM USTANOVAMA U KANTONU SARAJEVU (8\/25)<\/a>\u00a0(<a style=\"color: #000000;\" href=\"http:\/\/PRAVILNIK O IZMJENAMA PRAVILNIKA ZA PRIJEM RADNIKA U RADNI ODNOS U OSNOVNIM I SREDNJIM \u0160KOLAMA KAO JAVNIM USTANOVAMA NA PODRU\u010cJU KANTONA SARAJEVO\" data-wplink-url-error=\"true\">37\/25<\/a>)<\/span><\/li>\n<li><span style=\"color: #000000;\"><a style=\"color: #000000;\" href=\"https:\/\/mo.ks.gov.ba\/sites\/mo.ks.gov.ba\/files\/2025-09\/Pravilnik%20o%20primjeni%20%20EMIS%20sistema.pdf\" target=\"_blank\" rel=\"noopener\">PRAVILNIK O PRIMJENI INFORMACIONOG SISTEMA EMIS U OSNOVNIM I SREDNJIM \u0160KOLAMA U KANTONU SARAJEVO (35\/25)\u00a0<\/a><a style=\"color: #000000;\" href=\"https:\/\/mo.ks.gov.ba\/sites\/mo.ks.gov.ba\/files\/2025-11\/Izmjene%20i%20dopune%20Pravilnika%20-%20EMIS.pdf\" target=\"_blank\" rel=\"noopener\"> (46\/25)\u00a0<\/a><\/span><\/li>\n<li><span style=\"color: #000000;\"><a style=\"color: #000000;\" href=\"https:\/\/mo.ks.gov.ba\/sites\/mo.ks.gov.ba\/files\/2024-11\/Pravilnik%20o%20sadr%C5%BEaju%20i%20na%C4%8Dinu%20provo%C4%91enja%20nadzora%20nad%20zakonito%C5%A1%C4%87u%20rada%20i%20stru%C4%8Dnom%20nadzoru.pdf\" target=\"_blank\" rel=\"noopener\">PRAVILNIK O SADR\u017dAJU I NA\u010cINU PROVO\u0110ENJA NADZORA NAD ZAKONITO\u0160\u0106U RADA I STRU\u010cNOM NADZORU (43\/24)<\/a><\/span><\/li>\n<li><span style=\"color: #000000;\"><a style=\"color: #000000;\" href=\"https:\/\/drive.google.com\/file\/d\/1mys4pNMGL7xr-1Cm6b1NMY1uzidBzXx_\/view?usp=sharing\" target=\"_blank\" rel=\"noopener\">PRAVILNIK O INKLUZIVNOM OBRAZOVANJU (32\/19)<\/a><\/span><\/li>\n<li><span style=\"color: #000000;\"><a style=\"color: #000000;\" href=\"https:\/\/drive.google.com\/file\/d\/1xbxvzTujxhXy1teCamjRh5M8EAHBQOIK\/view?usp=sharing\" target=\"_blank\" rel=\"noopener\">PRAVILNIK O PREPOZNAVANJU, PREVENCIJI I ZA\u0160TITI OD DISKRIMINACIJE U OSNOVNIM I SREDNJIM \u0160KOLAMA\u00a0 (8\/25)<\/a><\/span><\/li>\n<li><span style=\"color: #000000;\"><a style=\"color: #000000;\" href=\"https:\/\/strucnoobraz.edu.ba\/wp-content\/uploads\/3.PRAVILNIK-O-PRA\u0106ENJU-VREDNOVANJU-I-OCJENJIVANJU-U\u010cENIKA-OSNOVNIH-I-SREDNJIH-\u0160KOLA-U-KANTONU-SARAJEVO.pdf\">PRAVILNIK O PRA\u0106ENJU, VREDNOVANJU I OCJENJIVANJU U\u010cENIKA OSNOVNIH I SREDNJIH \u0160KOLA U KANTONU SARAJEVO <\/a>datum objave:15.10.2018.godine<\/span><\/li>\n<li><span style=\"color: #000000;\"><a style=\"color: #000000;\" href=\"https:\/\/strucnoobraz.edu.ba\/wp-content\/uploads\/PRAVILIK-SA-KRITERIJIMA-ZA-PROGLASAVANJE-RADNIKA-ZA-CIJIM-RADOM-JE-POTPUNO-IILI-DJELOMICNO-PRESTALA-POTREBA_U-OS-I-SSS-9-22.pdf\">PRAVILNIK S KRITERIJIMA ZA PROGLA\u0160ENJE RADNIKA ZA \u010cIJIM RADOM JE POTPUNO ILI DJELIMI\u010cNO PRESTALA POTREBA U OSNOVNIM I SREDNJIM \u0160KOLAMA KAO JAVNIM USTANOVAMA NA PODRU\u010cJU KANTONA SARAJEVO<\/a><\/span><\/li>\n<li><span style=\"color: #000000;\"><a style=\"color: #000000;\" href=\"https:\/\/strucnoobraz.edu.ba\/wp-content\/uploads\/PRAVILNIK-O-IZBORU-KRITERIJIMA-ZA-IZBOR-NADLEZNOSTIMA-I-RADU-DIREKTORA-SREDNJIH-SKOLA-46-18.pdf\">PRAVILNIK O IZBORU, KRITERIJIMA ZA IZBOR, NADLE\u017dNOSTIMA I RADU DIREKTORA SREDNJIH \u0160KOLA 46\/18<\/a><\/span><\/li>\n<li><span style=\"color: #000000;\"><a style=\"color: #000000;\" href=\"https:\/\/strucnoobraz.edu.ba\/wp-content\/uploads\/PRAVILNIK-O-IZBORU-NADLEZNOSTIMA-I-NACINU-RADA-SKOLSKIH-ODBORA-SREDNJIH-SKOLA-KANTONA-SARAJEVO-42-17.pdf\">PRAVILNIK O IZBORU, NADLE\u017dNOSTIMA I NA\u010cINU RADA \u0160KOLSKIH ODBORA SREDNJIH \u0160KOLA KANTONA SARAJEVO 42\/17<\/a><\/span><\/li>\n<li><span style=\"color: #000000;\"><a style=\"color: #000000;\" href=\"https:\/\/strucnoobraz.edu.ba\/wp-content\/uploads\/PRAVILNIK-O-IZBORU-NADLEZNOSTIMA-I-NACINU-RADA-SKOLSKIH-ODBORA-SREDNJIH-SKOLA-KANTONA-SARAJEVO-23-18.pdf\">PRAVILNIK O IZMJENAMA I DOPUNAMA PRAVILNIKA O IZBORU, NADLE\u017dNOSTIMA I NA\u010cINU RADA \u0160KOLSKIH ODBORA SREDNJIH \u0160KOLA KANTONA SARAJEVO 23\/18<\/a><\/span><\/li>\n<li><span style=\"color: #000000;\"><a style=\"color: #000000;\" href=\"https:\/\/drive.google.com\/file\/d\/1OobArgvx81zOwazB6GIUcqVjFqXknsIP\/view?usp=sharing\" target=\"_blank\" rel=\"noopener\">ZAKON O JAVNIM NABAVKAMA<\/a><\/span><\/li>\n<li><span style=\"color: #000000;\"><a style=\"color: #000000;\" href=\"https:\/\/strucnoobraz.edu.ba\/wp-content\/uploads\/PRAVILNIK-O-VODENJU-PEDAGOSKE-DOKUMENTACIJE-I-EVIDENCIJE-U-SREDNJOJ-SKOLI-I-DOMU-UCENIKA-25-21.pdf\">PRAVILNIK O IZMJENAMA PRAVILNIKA O VO\u0110ENJU PEDAGO\u0160KE DOKUMENTACIJE I EVIDENCIJE U SREDNJOJ \u0160KOLI I DOMU U\u010cENIKA 25\/21<\/a><\/span><\/li>\n<li><span style=\"color: #000000;\"><a style=\"color: #000000;\" href=\"https:\/\/strucnoobraz.edu.ba\/wp-content\/uploads\/PRAVILNIK-O-DOPUNI-PRAVILNIKA-O-PRACENJU-VREDNOVANJU-I-OCJENJIVANJU-UCENIKA-OSNOVNIH-I-SREDNJIH-SKOLA-U-KANTONU-SARAJEVO-24_18.pdf\">PRAVILNIK O DOPUNI PRAVILNIKA O PRA\u0106ENJU, VREDNOVANJU I OCJENJIVANJU U\u010cENIKA\u00a0 OSNOVNIH I SREDNJIH \u0160KOLA U KANTONU SARAJEVO<\/a> <a style=\"color: #000000;\" href=\"https:\/\/strucnoobraz.edu.ba\/wp-content\/uploads\/PRAVILNIK-O-DOPUNI-PRAVILNIKA-O-PRACENJU-VREDNOVANJU-I-OCJENJIVANJU-UCENIKA-OSNOVNIH-I-SREDNJIH-SKOLA-U-KANTONU-SARAJEVO-24_18.pdf\">24\/18<\/a><\/span><\/li>\n<li><span style=\"color: #000000;\"><a style=\"color: #000000;\" href=\"https:\/\/strucnoobraz.edu.ba\/wp-content\/uploads\/PRAVILNIK-O-VODNJU-EVIDENCIJE-O-NEPRIHVATLJIVIM-OBLICIMA-PONASANJA-I-ZASTITI-UCENIKA-SLUZBENE-NOVINE-KANTONA-SARAJEVO-29-19.pdf\">PRAVILNIK O DOPUNI PRAVILNIKA O PRA\u0106ENJU, VREDNOVANJU I OCJENJIVANJU U\u010cENIKA\u00a0 OSNOVNIH I SREDNJIH \u0160KOLA U KANTONU SARAJEVO 29\/19<\/a><\/span><\/li>\n<li><span style=\"color: #000000;\"><a style=\"color: #000000;\" href=\"https:\/\/strucnoobraz.edu.ba\/wp-content\/uploads\/PRAVILNIK-O-DOPUNI-PRAVILNIKA-O-PRACENJU-VREDNOVANJU-I-OCJENJIVANJU-UCENIKA-OSNOVNIH-I-SREDNJIH-SKOLA-U-KANTONU-SARAJEVO-13-20.pdf\">PRAVILNIK O DOPUNI PRAVILNIKA O PRA\u0106ENJU, VREDNOVANJU I OCJENJIVANJU U\u010cENIKA\u00a0 OSNOVNIH I SREDNJIH \u0160KOLA U KANTONU SARAJEVO 13\/20<\/a><\/span><\/li>\n<li><span style=\"color: #000000;\"><a style=\"color: #000000;\" href=\"https:\/\/strucnoobraz.edu.ba\/wp-content\/uploads\/PRAVILNIK-O-IZMJENAMA-I-DOPUNAMA-PRAVILNIKA-O-NACINU-I-OBLIKU-PROVODENJA-ODGOJNO-OBRAZOVNE-PODRSKE-I-STRUCNOG-TRETMANA.pdf\">PRAVILNIK O IZMJENAMA I DOPUNAMA PRAVILNIKA O NA\u010cINU I OBLIKU PROVO\u0110ENJA ODGOJNO-OBRAZOVNE PODR\u0160KE I STRU\u010cNOG TRETMANA 38\/22<\/a><\/span><\/li>\n<li><span style=\"color: #000000;\"><a style=\"color: #000000;\" href=\"https:\/\/strucnoobraz.edu.ba\/wp-content\/uploads\/PRAVILNIKO-IZMJENAMA-I-DOPUNAMA-PRAVILNIKA-O-VODENJU-EVIDENCIJE-O-NEPRIHVATLJIVIM-OBLICIMA-PONASANJA-I-ZASTITI-UCENIKA.pdf\">PRAVILNIK O IZMJENAMA I DOPUNAMA PRAVILNIKA O VO\u0110ENJU EVIDENCIJE O NEPRIHVATLJIVIM OBLICIMA PONA\u0160ANJA I ZA\u0160TITI U\u010cENIKA<\/a><\/span><\/li>\n<li><span style=\"color: #000000;\"><a style=\"color: #000000;\" href=\"https:\/\/drive.google.com\/file\/d\/15gCs33oWOK_2lJVEC6lq5H5hsYR_m8Qq\/view?usp=drivesdk\" target=\"_blank\" rel=\"noopener\">PRAVILNIK O IZBORU, RAZRJE\u0160ENJU, NADLE\u017dNOSTIMA I NA\u010cINU RADA \u0160KOLSKOG ODBORA OSNOVNE \u0160KOLE, SREDNJE \u0160KOLE, SREDNJO\u0160KOLSKOG I \u0160KOLSKOG CENTRA NA PODRU\u010cJU KANTONA SARAJEVO<\/a><\/span><\/li>\n<li><span style=\"color: #000000;\"><a style=\"color: #000000;\" href=\"https:\/\/drive.google.com\/file\/d\/1vHC_oRqSZDfdqs8evk-3aCKy3okj4d09\/view?usp=sharing\" target=\"_blank\" rel=\"noopener\">PRAVILNIK O SADR\u017dAJU I NA\u010cINU POLAGANJA MATURE I ZAVR\u0160NOG ISPITA<\/a><\/span><\/li>\n<li><span style=\"color: #000000;\"><a style=\"color: #000000;\" href=\"https:\/\/drive.google.com\/file\/d\/1QeebpY2X-9MBDw_dBQNGYbKKkt4yBucU\/view?usp=sharing\" target=\"_blank\" rel=\"noopener\">PRAVILNIK O ISHRANI U\u010cENIKA U OSNOVNIM I SREDNJIM \u0160KOLAMA KANTONA SARAJEVO<\/a><\/span><\/li>\n<li><span style=\"color: #000000;\"><a style=\"color: #000000;\" href=\"https:\/\/drive.google.com\/file\/d\/1XF69f3EjdiDxrGyYw2D9LLfezluy935N\/view?usp=sharing\" target=\"_blank\" rel=\"noopener\">PRAVILNIK O IZVO\u0110ENJU FERIJALNE PRAKSE<\/a><\/span><\/li>\n<li><span style=\"color: #000000;\"><a style=\"color: #000000;\" href=\"https:\/\/drive.google.com\/file\/d\/1werYvLLDDZSphK9Y4O1Hqwwxr_DC7xqG\/view?usp=sharing\" target=\"_blank\" rel=\"noopener\">PRAVILNIK O INTERNOJ EVALUACIJI ZNANJA U\u010cENIKA OSNOVNIH I SREDNJIH \u0160KOLA I EKSTERNOJ PROCJENI ZNANJA U\u010cENIKA OSNOVNIH \u0160KOLA KANTONA SARAJEVO<\/a><\/span><\/li>\n<li><span style=\"color: #000000;\"><a style=\"color: #000000;\" href=\"https:\/\/drive.google.com\/file\/d\/1F1cZrr7J5kv7BPiSR7IyOYn2sDMX7zML\/view?usp=sharing\" target=\"_blank\" rel=\"noopener\">PRAVILNIK O ORGANIZOVANJU I IZVO\u0110ENJU PRAKTI\u010cNE NASTAVE I LABORATORIJSKOG RADA U SREDNJIM \u0160KOLAMA U KANTONU SARAJEVO<\/a><\/span><\/li>\n<\/ol>\n<hr \/>\n<p><span style=\"color: #000000;\"><b>INTERNI AKTI<\/b><\/span><\/p>\n<h3><span style=\"color: #000000;\">1. <a style=\"color: #000000;\" href=\"https:\/\/drive.google.com\/file\/d\/1C9QfRQcbQiWdxOQlkEJ8SE6yIVYzGYJv\/view?usp=drivesdk\" target=\"_blank\" rel=\"noopener\">PRAVILNIK O IZMJENAMA I DOPUNAMA PRAVILNIKA O KU\u0106NOM REDU JU \u0160KOLE ZA SREDNJE STRU\u010cNO OBRAZOVANJE I RADNO OSPOSOBLJAVANJE \u00a0SARAJEVO (13.01.2025<\/a>)<\/span><\/h3>\n<h3><span style=\"color: #000000;\">2. <a style=\"color: #000000;\" href=\"https:\/\/drive.google.com\/file\/d\/1LOaUck8mfATWIkfcInOUqgGMs8fP86W0\/view?usp=sharing\" target=\"_blank\" rel=\"noopener\">PRAVILA \u0160KOLE<\/a><\/span><\/h3>\n<h3><span style=\"color: #000000;\">3. <a style=\"color: #000000;\" href=\"https:\/\/drive.google.com\/file\/d\/1N--DxdcXbqBf4nCAzYf4Fog6Nypf9gOy\/view?usp=drive_link\" target=\"_blank\" rel=\"noopener\">PRAVILNIK O RADU, UNUTRA\u0160NJOJ ORGANIZACIJI I SISTEMATIZACIJI RADNIH MJESTA, PLA\u0106AMA, NAKNADAMA I DRUGIM MATERIJALNIM PRAVIMA &#8211; JUNI 2024.GODINE<\/a><\/span><\/h3>\n<h3><span style=\"color: #000000;\"><a style=\"color: #000000;\" href=\"https:\/\/drive.google.com\/file\/d\/1kOezb1TCnPoH_1CPcKGXU7aTnb2W0PpV\/view?usp=sharing\" target=\"_blank\" rel=\"noopener\">4.PRAVILNIK O IZMJENAMA PRAVILNIKA O RADU, UNUTRA\u0160NJOJ ORGANIZACIJI I SISTEMATIZACIJI RADNIH MJESTA, PLA\u0106AMA, NAKNADAMA I DRUGIM MATERIJALNIM PRAVIMA JU \u0160KOLA ZA SREDNJE STRU\u010cNO OBRAZOVANJE I RADNO OSPOSOBLJAVANJE SARAJEVO &#8211; septembar 2025<\/a><\/span><\/h3>\n<h3><span style=\"color: #000000;\"><a style=\"color: #000000;\" href=\"https:\/\/drive.google.com\/file\/d\/1eCyEKyQ7NvfO5D4-934bZCPxu0MrzxuJ\/view?usp=sharing\" target=\"_blank\" rel=\"noopener\">5. IZMJENE PRAVILNIKA O RADU, UNUTRA\u0160NJOJ ORGANIZACIJI I SISTEMATIZACIJI RADNIH MJESTA, PLA\u0106AMA, NAKNADAMA I DRUGIM MATERIJALNIM PRAVIMA &#8211; MAJ 2025.GODINE<\/a><\/span><\/h3>\n<h3><span style=\"color: #000000;\">6. <a style=\"color: #000000;\" href=\"https:\/\/strucnoobraz.edu.ba\/wp-content\/uploads\/PROTOKOL-O-POSTUPANJU-\u0160KOLE-U-SITUACIJAMA-NASILJA.pdf\">PROTOKOL O POSTUPANJU \u0160KOLE U SITUACIJAMA NASILJA<\/a><\/span><\/h3>\n<h3><span style=\"color: #000000;\">7. <a style=\"color: #000000;\" href=\"https:\/\/drive.google.com\/file\/d\/1L7fkWTT4gM4XZVfACMZbGicOb4n91omK\/view?usp=sharing\" target=\"_blank\" rel=\"noopener\">POSLOVNIK O RADU \u0160KOLSKOG ODBORA<\/a><\/span><\/h3>\n<h3><span style=\"color: #000000;\">8. <a style=\"color: #000000;\" href=\"https:\/\/strucnoobraz.edu.ba\/wp-content\/uploads\/KRIZNI-PLAN.pdf\">KRIZNI PLAN PRIPRAVNOSTI I ODGOVORA NA POJAVU VIRUSA COVID19<\/a><\/span><\/h3>\n<h3><span style=\"color: #000000;\">9. <a style=\"color: #000000;\" href=\"https:\/\/strucnoobraz.edu.ba\/wp-content\/uploads\/7.KRIZNI-PLAN-2021-august.docx\">KRIZNI PLAN PRIPRAVNOSTI I ODGOVORA NA POJAVU VIRUSA COVID19 &#8211; avgust 2021.<\/a><\/span><\/h3>\n<h3><span style=\"color: #000000;\">10. <a style=\"color: #000000;\" href=\"https:\/\/drive.google.com\/file\/d\/1l8PtRrXUHk3X61sLHpxOqyNUjbyk8qBW\/view?usp=sharing\">PRAVILNIK O INTERNOM PRIJAVLJIVANJU KORUPCIJE<\/a><\/span><\/h3>\n<h3><span style=\"color: #000000;\"><a style=\"color: #000000;\" href=\"https:\/\/strucnoobraz.edu.ba\/?page_id=3006\">11. LINK ZA PRIJAVU KORUPCIJE<\/a><\/span><\/h3>\n<h3><span style=\"color: #000000;\">12. <a style=\"color: #000000;\" href=\"https:\/\/strucnoobraz.edu.ba\/wp-content\/uploads\/PRAVILNIK-O-RADU-UNUTRASNJOJ-ORGANIZACIJI-I-SISTEMATIZACIJI-RADNIH-MJESTA.pdf\">PRAVILNIK O RADU, UNUTRA\u0160NJOJ ORGANIZACIJI I SISTEMATIZACIJI RADNIH MJESTA<\/a>\u00a0<\/span><\/h3>\n<h3><span style=\"color: #000000;\">13. <a style=\"color: #000000;\" href=\"https:\/\/docs.google.com\/document\/d\/1JXcn3WFdT2m4pwW0rHnOECWWO4olcxIq\/edit?usp=drive_link&amp;ouid=102126974110104616304&amp;rtpof=true&amp;sd=true\">PRAVILNIK O IZMJENAMA I DOPUNAMA PRAVILNIKA O RADU JU \u0160KOLA ZA SREDNJE STRU\u010cNO\u00a0 \u00a0 \u00a0 \u00a0 OBRAZOVANJE I RADNO OSPOSOBLJAVANJE Sarajevo od 13.07.2023.<\/a><\/span><\/h3>\n<h3><span style=\"color: #000000;\">14. <a style=\"color: #000000;\" href=\"https:\/\/drive.google.com\/file\/d\/1M7Qd8MfFM_iulRtPawglQ5EG2oXZdWO5\/view?usp=sharing\" target=\"_blank\" rel=\"noopener\">IZMJENE PRAVILNIKA O RADU PREMA KOLEKTIVNOM UGOVORU 7-24 OD 22.02.2024.<\/a><\/span><\/h3>\n<h3><span style=\"color: #000000;\">15. <a style=\"color: #000000;\" href=\"https:\/\/drive.google.com\/file\/d\/1d6xuWcLGK9xPpZ0vwGsQkPg941AUqSIt\/view?usp=sharing\" target=\"_blank\" rel=\"noopener\">PRAVILNIK O KU\u0106NOM REDU JU \u0160KOLA ZA SREDNJE STRU\u010cNO OBRAZOVANJE I RADNO OSPOSOBLJAVANJE- 2024.GODINA<\/a><\/span><\/h3>\n<h3><span style=\"color: #000000;\">16. <a style=\"color: #000000;\" href=\"https:\/\/strucnoobraz.edu.ba\/wp-content\/uploads\/INTERNI-PRAVILNIK-O-POSTUPKU-DIREKTNOG-SPORAZUMA.pdf\">INTERNI PRAVILNIK O POSTUPKU DIREKTNOG SPORAZUMA<\/a><\/span><\/h3>\n<h3><span style=\"color: #000000;\"><a style=\"color: #000000;\" href=\"https:\/\/drive.google.com\/file\/d\/1A69DvxnPZ6CfSXzvIYs1WkIUnaTAGYMd\/view?usp=sharing\" target=\"_blank\" rel=\"noopener\">17. IZVEDBENI PLAN ZA EKSKURZIJU U 2025.GODINI<\/a><\/span><\/h3>\n<h3><span style=\"color: #000000;\"><a style=\"color: #000000;\" href=\"https:\/\/drive.google.com\/file\/d\/1upWHFn3-JI_gg5Lbs8UZnjP7UAfYMW6o\/view?usp=drivesdk\" target=\"_blank\" rel=\"noopener\">18. PRAVILA \u0160KOLSKE ISHRANE\u00a0<\/a><\/span><\/h3>\n<h3><span style=\"color: #000000;\">19. <span class=\"s6\" style=\"font-size: revert;\"><span class=\"bumpedFont15\">Poslovnik <\/span><\/span><span style=\"font-size: revert;\">O RADU ISPITNOG ODBORA I ISPITNIH KOMISIJA \u00a0<\/span><span style=\"font-size: revert;\">ZA POLAGANJE MATURE\/ZAVR\u0160NOG ISPITA<\/span><\/span><\/h3>\n<h3><span style=\"color: #000000;\">20. <a style=\"color: #000000;\" href=\"https:\/\/docs.google.com\/document\/d\/1xEN0d-RA0ykd87nhEtnlpSiG6obo0pZJ\/edit?usp=drivesdk&amp;ouid=102126974110104616304&amp;rtpof=true&amp;sd=true\" target=\"_blank\" rel=\"noopener\">POSLOVNIK O RADU STRU\u010cNIH ORGANA<\/a><\/span><\/h3>\n<h3><span style=\"color: #000000;\">21. <a style=\"color: #000000;\" href=\"https:\/\/docs.google.com\/document\/d\/1mOCf5bYngy0hrPaz8j--ih9pVHW2ZGZV\/edit?usp=drivesdk&amp;ouid=102126974110104616304&amp;rtpof=true&amp;sd=true\" target=\"_blank\" rel=\"noopener\">PRAVILNIK O ZA\u0160TITI NA RADU<\/a><\/span><\/h3>\n<h3><span style=\"color: #000000;\">22. <a style=\"color: #000000;\" href=\"https:\/\/docs.google.com\/document\/d\/1MXmNS1CGEaLZao3NIWfpm1Ypwqs-Zgsl\/edit?usp=drivesdk&amp;ouid=102126974110104616304&amp;rtpof=true&amp;sd=true\" target=\"_blank\" rel=\"noopener\">PRAVILNIK O KANCELARIJSKOM I ARHIVSKOM POSLOVANJU<\/a><\/span><\/h3>\n<h3><span style=\"color: #000000;\">23. <a style=\"color: #000000;\" href=\"https:\/\/docs.google.com\/document\/d\/1DVF8tP5YCLVDAp2RWLU155tjHyBxGYja\/edit?usp=drivesdk&amp;ouid=102126974110104616304&amp;rtpof=true&amp;sd=true\" target=\"_blank\" rel=\"noopener\">PRAVILNIK O RADU \u0160KOLSKE BIBLIOTEKE<\/a><\/span><\/h3>\n<h3><span style=\"color: #000000;\">24. <a style=\"color: #000000;\" href=\"https:\/\/docs.google.com\/document\/d\/1VfUkVZShdDmAk28jr0LAO_1ORxO9Lp-g\/edit?usp=drivesdk&amp;ouid=102126974110104616304&amp;rtpof=true&amp;sd=true\" target=\"_blank\" rel=\"noopener\">PRAVILNIK O ZA\u0160TITI OD PO\u017dARA<\/a><\/span><\/h3>\n<h3>25. <span style=\"color: #000000;\"><a style=\"color: #000000;\" href=\"https:\/\/drive.google.com\/file\/d\/14R6rwn7KhRJp1SJ9AsNjaf7cntRSJ9Wt\/view?usp=sharing\" target=\"_blank\" rel=\"noopener\">ODLUKA O USPOSTAVLJANJU VIDEONADZORA U \u0160KOLI<\/a><\/span><\/h3>\n<hr \/>\n<\/div>\n<p><span style=\"color: #000000;\"><!--more--><\/span><\/p>\n","protected":false},"excerpt":{"rendered":"<p>Propisi, uredbe i ostali javni akti ZAKON\/PROPISI ZAKON O RADU FBIH ZAKON O ODGOJU I OBRAZOVANJU U OSNOVNOJ I SREDNJOJ \u0160KOLI U KANTONU SARAJEVO\u00a0 (27\/24) KOLEKTIVNI UGOVOR ZA DJELATNOST SREDNJEG OBRAZOVANJA U KANTONU SARAJEVO\u00a038\/22,\u00a047\/22,\u00a028\/23,\u00a031\/23,\u00a07\/24;\u00a039\/24,\u00a017\/25; PEDAGO\u0160KI STANDARDI I NORMATIVI ZA SREDNJE &hellip; <a href=\"https:\/\/strucnoobraz.edu.ba\/?page_id=1835\">Continue reading <span class=\"meta-nav\">&rarr;<\/span><\/a><\/p>\n","protected":false},"author":1,"featured_media":0,"parent":0,"menu_order":0,"comment_status":"closed","ping_status":"closed","template":"","meta":{"footnotes":""},"class_list":["post-1835","page","type-page","status-publish","hentry"],"_links":{"self":[{"href":"https:\/\/strucnoobraz.edu.ba\/index.php?rest_route=\/wp\/v2\/pages\/1835","targetHints":{"allow":["GET"]}}],"collection":[{"href":"https:\/\/strucnoobraz.edu.ba\/index.php?rest_route=\/wp\/v2\/pages"}],"about":[{"href":"https:\/\/strucnoobraz.edu.ba\/index.php?rest_route=\/wp\/v2\/types\/page"}],"author":[{"embeddable":true,"href":"https:\/\/strucnoobraz.edu.ba\/index.php?rest_route=\/wp\/v2\/users\/1"}],"replies":[{"embeddable":true,"href":"https:\/\/strucnoobraz.edu.ba\/index.php?rest_route=%2Fwp%2Fv2%2Fcomments&post=1835"}],"version-history":[{"count":129,"href":"https:\/\/strucnoobraz.edu.ba\/index.php?rest_route=\/wp\/v2\/pages\/1835\/revisions"}],"predecessor-version":[{"id":4310,"href":"https:\/\/strucnoobraz.edu.ba\/index.php?rest_route=\/wp\/v2\/pages\/1835\/revisions\/4310"}],"wp:attachment":[{"href":"https:\/\/strucnoobraz.edu.ba\/index.php?rest_route=%2Fwp%2Fv2%2Fmedia&parent=1835"}],"curies":[{"name":"wp","href":"https:\/\/api.w.org\/{rel}","templated":true}]}}