{"id":18,"date":"2019-11-04T15:03:38","date_gmt":"2019-11-04T14:03:38","guid":{"rendered":"http:\/\/strucnoobraz.web.ba\/?page_id=18"},"modified":"2019-11-04T21:34:17","modified_gmt":"2019-11-04T20:34:17","slug":"pomocni-dekorater","status":"publish","type":"page","link":"https:\/\/strucnoobraz.edu.ba\/?page_id=18","title":{"rendered":"Pomo\u0107ni dekorater"},"content":{"rendered":"<p style=\"text-align: left;\"><img loading=\"lazy\" decoding=\"async\" class=\"aligncenter wp-image-1418 size-full\" src=\"https:\/\/strucnoobraz.edu.ba\/wp-content\/uploads\/POMOCNI-DEKORATER.jpg\" alt=\"\" width=\"874\" height=\"374\" srcset=\"https:\/\/strucnoobraz.edu.ba\/wp-content\/uploads\/POMOCNI-DEKORATER.jpg 874w, https:\/\/strucnoobraz.edu.ba\/wp-content\/uploads\/POMOCNI-DEKORATER-300x128.jpg 300w, https:\/\/strucnoobraz.edu.ba\/wp-content\/uploads\/POMOCNI-DEKORATER-768x329.jpg 768w\" sizes=\"auto, (max-width: 874px) 100vw, 874px\" \/><\/p>\n<p style=\"text-align: left;\">POMO\u0106NI DEKORATER<\/p>\n<p>Na\u0161a \u0161kola je koncipirana tako da se u okviru svih postoje\u0107ih zanimanja djeca obrazuju i radno osposobljavaju za II stepen (trogodi\u0161nje \u0161kolovanje) i III stepen (\u010detverogodi\u0161nje \u0161kolovanje).<br \/>\nS obzirom da sva djeca ne mogu posti\u0107i isti nivo znanja i vje\u0161tina, a posljednih godina postoji tendencija da se upisuju djeca sa kombinovanim smetnjama, tu se javlja potreba da se ova djeca \u0161koluju na jo\u0161 jednostavnijem nivou.<\/p>\n<p>Iz navedenih razloga&nbsp; napravili smo poseban Nastavni plan i program&nbsp; za&nbsp; zanimanje&nbsp; \u201cPomo\u0107ni dekorater\u201d koji omogu\u0107ava&nbsp; odgoj, obrazovanje i radno osposobljavanje za I&nbsp; stepen stru\u010dne spreme \u0161to je u skladu sa postoje\u0107im Zakonom o srednjoj \u0161koli. Ovo zanimanje po\u010delo je sa 01.09.2010. godine.<br \/>\nOni u\u010denici koji ne mogu ispuniti zahtjeve ovog Programa mo\u0107i \u0107e dobiti certifikat koji opisuje njihova postignu\u0107a u okviru ovog zanimanja.<\/p>\n<p>Nastavni plan i program za zanimanje \u201e Pomo\u0107ni dekorater\u201d je namijenjen i prilago\u0111en u\u010denicima&nbsp;sa umjerenim nivoom intelektualnog funkcionisanja i kombinovanim smetnjama.&nbsp;Ovaj program je vrlo jednostavan, ne iziskuje velike mentalne i fizi\u010dke napore te je prikladan za ovu kategoriju djece. Program je usmjeren na u\u010denika, \u0161iroko je koncipiran i omogu\u0107ava fleksibilnost i individualizirani pristup. Polazi od u\u010deni\u010dkih sposobnosti i interesovanja.<\/p>\n<p><strong>Op\u0107e obrazovni dio<\/strong> ovog programa obuhvata sadr\u017eaje koji su bliski \u017eivotu; pismenost i komunikacija, socijalizacija, briga o sebi, kulturne, higijenske i radne navike, osnovne matemati\u010dke i informati\u010dke vje\u0161tine, upoznavanje dru\u0161tvenih i prirodnih pojava oko nas.<\/p>\n<p><strong>Prakti\u010dni dio <\/strong> programa podrazumijeva izradu i dekoraciju razli\u010ditih predmeta i ukrasa od papira, stakla, gline, tekstila&#8230; U\u010denici \u0107e kroz ovaj rad razvijati kreativnoast, osje\u0107aj za lijepo, radne navike, finu i grubu motoriku, a sve to u jednoj opu\u0161tenoj i stimulativnoj atmosferi koja \u0107e imati i terapeutsko dejstvo. Akcenat je stavljen na prakti\u010dne radnje i sticanje onih vje\u0161tina koje \u0107e omogu\u0107iti \u0161to samostalniji&nbsp; \u017eivot i rad u dru\u0161tvenoj zajednici.<br \/>\nNivo postignu\u0107a u okviru ovog zanimanja zavisi\u0107e od individualnih mogu\u0107nosti svakog u\u010denika, njegovog stila i brzine u\u010denja. Ovdje nastavnik ima klju\u010dnu ulogu u prilago\u0111avanju nastavnih sadr\u017eaja svakom u\u010deniku i odre\u0111ivanju njegovih dometa.<\/p>\n<p>Program predvi\u0111a \u0161kolovanje u trajanju od tri, odnosno \u010detiri godine i sticanje&nbsp;certifikata pomo\u0107nog radnika \u2013 I stepen stru\u010dne spreme.<\/p>\n","protected":false},"excerpt":{"rendered":"<p>POMO\u0106NI DEKORATER Na\u0161a \u0161kola je koncipirana tako da se u okviru svih postoje\u0107ih zanimanja djeca obrazuju i radno osposobljavaju za II stepen (trogodi\u0161nje \u0161kolovanje) i III stepen (\u010detverogodi\u0161nje \u0161kolovanje). S obzirom da sva djeca ne mogu posti\u0107i isti nivo znanja &hellip; <a href=\"https:\/\/strucnoobraz.edu.ba\/?page_id=18\">Continue reading <span class=\"meta-nav\">&rarr;<\/span><\/a><\/p>\n","protected":false},"author":1,"featured_media":0,"parent":35,"menu_order":0,"comment_status":"closed","ping_status":"closed","template":"","meta":{"footnotes":""},"class_list":["post-18","page","type-page","status-publish","hentry"],"_links":{"self":[{"href":"https:\/\/strucnoobraz.edu.ba\/index.php?rest_route=\/wp\/v2\/pages\/18","targetHints":{"allow":["GET"]}}],"collection":[{"href":"https:\/\/strucnoobraz.edu.ba\/index.php?rest_route=\/wp\/v2\/pages"}],"about":[{"href":"https:\/\/strucnoobraz.edu.ba\/index.php?rest_route=\/wp\/v2\/types\/page"}],"author":[{"embeddable":true,"href":"https:\/\/strucnoobraz.edu.ba\/index.php?rest_route=\/wp\/v2\/users\/1"}],"replies":[{"embeddable":true,"href":"https:\/\/strucnoobraz.edu.ba\/index.php?rest_route=%2Fwp%2Fv2%2Fcomments&post=18"}],"version-history":[{"count":8,"href":"https:\/\/strucnoobraz.edu.ba\/index.php?rest_route=\/wp\/v2\/pages\/18\/revisions"}],"predecessor-version":[{"id":1420,"href":"https:\/\/strucnoobraz.edu.ba\/index.php?rest_route=\/wp\/v2\/pages\/18\/revisions\/1420"}],"up":[{"embeddable":true,"href":"https:\/\/strucnoobraz.edu.ba\/index.php?rest_route=\/wp\/v2\/pages\/35"}],"wp:attachment":[{"href":"https:\/\/strucnoobraz.edu.ba\/index.php?rest_route=%2Fwp%2Fv2%2Fmedia&parent=18"}],"curies":[{"name":"wp","href":"https:\/\/api.w.org\/{rel}","templated":true}]}}