{"id":1793,"date":"2022-06-06T13:00:00","date_gmt":"2022-06-06T11:00:00","guid":{"rendered":"http:\/\/strucnoobraz.edu.ba\/?page_id=1793"},"modified":"2026-03-31T14:26:24","modified_gmt":"2026-03-31T12:26:24","slug":"javne-nabavke","status":"publish","type":"page","link":"https:\/\/strucnoobraz.edu.ba\/?page_id=1793","title":{"rendered":"JAVNE NABAVKE"},"content":{"rendered":"\n<p><br><\/p>\n\n\n\n<p><a href=\"https:\/\/drive.google.com\/file\/d\/1bxvBkeifV_FNyx3NieDAlMvKdZ47xAaD\/view?usp=sharing\" target=\"_blank\" rel=\"noreferrer noopener\">Odluka o izboru najpovoljnijeg ponu\u0111a\u010da za javnu nabavku &#8220;Usluga dostavljanja pripremljenih u\u017eina (catering) u \u0161kolu&#8221; (2026.god)<\/a><\/p>\n\n\n\n<p><a href=\"https:\/\/drive.google.com\/file\/d\/1zw5LPIV6KOBRd2kklf3fmciaLqr5sO4m\/view?usp=sharing\" target=\"_blank\" rel=\"noreferrer noopener\">Plan javnih nabavki za 2026. godinu<\/a><\/p>\n\n\n\n<p><a href=\"https:\/\/drive.google.com\/file\/d\/1jp2vtwe1MbpdCUYud5Rw8rYCsZmWyGSW\/view?usp=sharing\" target=\"_blank\" rel=\"noreferrer noopener\">Prve izmjene Plana javnih nabavki za 2026.godinu<\/a><\/p>\n\n\n\n<p><\/p>\n\n\n\n<p><\/p>\n","protected":false},"excerpt":{"rendered":"<p>Odluka o izboru najpovoljnijeg ponu\u0111a\u010da za javnu nabavku &#8220;Usluga dostavljanja pripremljenih u\u017eina (catering) u \u0161kolu&#8221; (2026.god) Plan javnih nabavki za 2026. godinu Prve izmjene Plana javnih nabavki za 2026.godinu<\/p>\n","protected":false},"author":1,"featured_media":0,"parent":0,"menu_order":0,"comment_status":"closed","ping_status":"closed","template":"","meta":{"footnotes":""},"class_list":["post-1793","page","type-page","status-publish","hentry"],"_links":{"self":[{"href":"https:\/\/strucnoobraz.edu.ba\/index.php?rest_route=\/wp\/v2\/pages\/1793","targetHints":{"allow":["GET"]}}],"collection":[{"href":"https:\/\/strucnoobraz.edu.ba\/index.php?rest_route=\/wp\/v2\/pages"}],"about":[{"href":"https:\/\/strucnoobraz.edu.ba\/index.php?rest_route=\/wp\/v2\/types\/page"}],"author":[{"embeddable":true,"href":"https:\/\/strucnoobraz.edu.ba\/index.php?rest_route=\/wp\/v2\/users\/1"}],"replies":[{"embeddable":true,"href":"https:\/\/strucnoobraz.edu.ba\/index.php?rest_route=%2Fwp%2Fv2%2Fcomments&post=1793"}],"version-history":[{"count":95,"href":"https:\/\/strucnoobraz.edu.ba\/index.php?rest_route=\/wp\/v2\/pages\/1793\/revisions"}],"predecessor-version":[{"id":4253,"href":"https:\/\/strucnoobraz.edu.ba\/index.php?rest_route=\/wp\/v2\/pages\/1793\/revisions\/4253"}],"wp:attachment":[{"href":"https:\/\/strucnoobraz.edu.ba\/index.php?rest_route=%2Fwp%2Fv2%2Fmedia&parent=1793"}],"curies":[{"name":"wp","href":"https:\/\/api.w.org\/{rel}","templated":true}]}}