{"id":1421,"date":"2019-11-04T21:40:15","date_gmt":"2019-11-04T20:40:15","guid":{"rendered":"http:\/\/strucnoobraz.edu.ba\/?page_id=1421"},"modified":"2020-04-14T20:07:54","modified_gmt":"2020-04-14T18:07:54","slug":"cvjecar","status":"publish","type":"page","link":"https:\/\/strucnoobraz.edu.ba\/?page_id=1421","title":{"rendered":"Cvje\u0107ar"},"content":{"rendered":"<p style=\"text-align: center;\"><img loading=\"lazy\" decoding=\"async\" class=\"aligncenter wp-image-1425 size-full\" src=\"https:\/\/strucnoobraz.edu.ba\/wp-content\/uploads\/CVJE\u0106AR.jpg\" alt=\"\" width=\"874\" height=\"374\" srcset=\"https:\/\/strucnoobraz.edu.ba\/wp-content\/uploads\/CVJE\u0106AR.jpg 874w, https:\/\/strucnoobraz.edu.ba\/wp-content\/uploads\/CVJE\u0106AR-300x128.jpg 300w, https:\/\/strucnoobraz.edu.ba\/wp-content\/uploads\/CVJE\u0106AR-768x329.jpg 768w\" sizes=\"auto, (max-width: 874px) 100vw, 874px\" \/><\/p>\n<p>CVJE\u0106AR<\/p>\n<p>Po zavr\u0161etku trogodi\u0161njeg \u0161kolovanja u\u010denik sti\u010de zanimanje \u2013 <strong>pomo\u0107ni cvje\u0107ar\/vrtlar<\/strong>, a nakon \u010detverogodi\u0161njeg \u0161kolovanja \u2013 <strong>cvje\u0107ar\/ vrtlar<\/strong>.<\/p>\n<p><strong>Opis poslova:<\/strong><\/p>\n<p>Cvje\u0107ari\/ vrtlari se bave uzgojem biljaka (cvije\u0107a, povr\u0107a, vo\u0107a, za\u010dinskog bilja..).<\/p>\n<p>Da bi u\u010denici bili uspje\u0161ni u svom zanimanju potrebno je da steknu znanje o biljkama i njihovim koristima, o plasteni\u010dkoj \/ stakleni\u010dkoj proizvodnji kao i proizvodnji na \u201eotvorenom\u201c, da se upoznaju sa alatima za rad i njihovom adekvatnom kori\u0161tenju, te da steknu rutinu i razviju ljubav prema biljkama.<\/p>\n<p><strong>Stru\u010dni predmeti:<\/strong><\/p>\n<ol>\n<li>Tehnologija zanimanja<\/li>\n<li>Biljna proizvodnja<\/li>\n<li>Povrtlarstvo<\/li>\n<li>Za\u010dinsko i ljekovito bilje<\/li>\n<li>Za\u010dinsko bilje i povr\u0107e<\/li>\n<\/ol>\n<p><strong>PRAKTI\u010cNA NASTAVA<\/strong><\/p>\n<p>Praksa se mo\u017ee obavljati u svim objektima namjenjenim za plasteni\u010dku proizvodnju biljaka, cvje\u0107arama.<\/p>\n<p>\u0160kola posjeduje&nbsp; plastenik i prate\u0107u opremu te se praksa&nbsp; obavlja u \u0161koli i traje 12 sati sedmi\u010dno (12 \u010dasova u sedmici).<\/p>\n<p>&nbsp;<\/p>\n","protected":false},"excerpt":{"rendered":"<p>CVJE\u0106AR Po zavr\u0161etku trogodi\u0161njeg \u0161kolovanja u\u010denik sti\u010de zanimanje \u2013 pomo\u0107ni cvje\u0107ar\/vrtlar, a nakon \u010detverogodi\u0161njeg \u0161kolovanja \u2013 cvje\u0107ar\/ vrtlar. Opis poslova: Cvje\u0107ari\/ vrtlari se bave uzgojem biljaka (cvije\u0107a, povr\u0107a, vo\u0107a, za\u010dinskog bilja..). Da bi u\u010denici bili uspje\u0161ni u svom zanimanju potrebno &hellip; <a href=\"https:\/\/strucnoobraz.edu.ba\/?page_id=1421\">Continue reading <span class=\"meta-nav\">&rarr;<\/span><\/a><\/p>\n","protected":false},"author":1,"featured_media":0,"parent":35,"menu_order":0,"comment_status":"closed","ping_status":"closed","template":"","meta":{"footnotes":""},"class_list":["post-1421","page","type-page","status-publish","hentry"],"_links":{"self":[{"href":"https:\/\/strucnoobraz.edu.ba\/index.php?rest_route=\/wp\/v2\/pages\/1421","targetHints":{"allow":["GET"]}}],"collection":[{"href":"https:\/\/strucnoobraz.edu.ba\/index.php?rest_route=\/wp\/v2\/pages"}],"about":[{"href":"https:\/\/strucnoobraz.edu.ba\/index.php?rest_route=\/wp\/v2\/types\/page"}],"author":[{"embeddable":true,"href":"https:\/\/strucnoobraz.edu.ba\/index.php?rest_route=\/wp\/v2\/users\/1"}],"replies":[{"embeddable":true,"href":"https:\/\/strucnoobraz.edu.ba\/index.php?rest_route=%2Fwp%2Fv2%2Fcomments&post=1421"}],"version-history":[{"count":4,"href":"https:\/\/strucnoobraz.edu.ba\/index.php?rest_route=\/wp\/v2\/pages\/1421\/revisions"}],"predecessor-version":[{"id":2073,"href":"https:\/\/strucnoobraz.edu.ba\/index.php?rest_route=\/wp\/v2\/pages\/1421\/revisions\/2073"}],"up":[{"embeddable":true,"href":"https:\/\/strucnoobraz.edu.ba\/index.php?rest_route=\/wp\/v2\/pages\/35"}],"wp:attachment":[{"href":"https:\/\/strucnoobraz.edu.ba\/index.php?rest_route=%2Fwp%2Fv2%2Fmedia&parent=1421"}],"curies":[{"name":"wp","href":"https:\/\/api.w.org\/{rel}","templated":true}]}}